{"id":10,"date":"2020-06-05T22:11:37","date_gmt":"2020-06-05T20:11:37","guid":{"rendered":"http:\/\/jcmosteopatia.es\/?page_id=10"},"modified":"2024-05-22T21:23:55","modified_gmt":"2024-05-22T19:23:55","slug":"reservas","status":"publish","type":"page","link":"https:\/\/jcmosteopatia.es\/?page_id=10","title":{"rendered":"Reservas"},"content":{"rendered":"\n<div class=\"wp-block-cover alignfull is-light\" style=\"min-height:60vh;aspect-ratio:unset;\"><span aria-hidden=\"true\" class=\"wp-block-cover__background has-background-dim-0 has-background-dim\"><\/span><img loading=\"lazy\" decoding=\"async\" width=\"1921\" height=\"1281\" class=\"wp-block-cover__image-background wp-image-456\" alt=\"\" src=\"https:\/\/jcmosteopatia.es\/wp-content\/uploads\/2023\/09\/flores-amarillas.png\" style=\"object-position:21% 50%\" data-object-fit=\"cover\" data-object-position=\"21% 50%\" srcset=\"https:\/\/jcmosteopatia.es\/wp-content\/uploads\/2023\/09\/flores-amarillas.png 1921w, https:\/\/jcmosteopatia.es\/wp-content\/uploads\/2023\/09\/flores-amarillas-300x200.png 300w, https:\/\/jcmosteopatia.es\/wp-content\/uploads\/2023\/09\/flores-amarillas-1024x683.png 1024w, https:\/\/jcmosteopatia.es\/wp-content\/uploads\/2023\/09\/flores-amarillas-768x512.png 768w, https:\/\/jcmosteopatia.es\/wp-content\/uploads\/2023\/09\/flores-amarillas-1536x1024.png 1536w\" sizes=\"auto, (max-width: 1921px) 100vw, 1921px\" \/><div class=\"wp-block-cover__inner-container is-layout-flow wp-block-cover-is-layout-flow\">\n<p class=\"has-text-align-center\" style=\"font-size:60px\">       <strong><mark style=\"background-color:rgba(0, 0, 0, 0)\" class=\"has-inline-color has-contrast-2-color\">Reservas<\/mark><\/strong><\/p>\n<\/div><\/div>\n\n\n\n<div class=\"wp-block-group\"><div class=\"wp-block-group__inner-container is-layout-flow wp-block-group-is-layout-flow\">\n<h1 class=\"wp-block-heading has-text-align-center\" style=\"font-size:30px\"><strong>RESERVA<\/strong> tu cita con nosotros<\/h1>\n\n\n\n<div class=\"wp-block-group\"><div class=\"wp-block-group__inner-container is-layout-flow wp-block-group-is-layout-flow\">\n<div class=\"wp-block-group\"><div class=\"wp-block-group__inner-container is-layout-constrained wp-block-group-is-layout-constrained\">\n<div class=\"wp-block-columns is-layout-flex wp-container-core-columns-is-layout-9d6595d7 wp-block-columns-is-layout-flex\">\n<div class=\"wp-block-column is-layout-flow wp-block-column-is-layout-flow\" style=\"flex-basis:100%\">\n<div class=\"wp-block-group\"><div class=\"wp-block-group__inner-container is-layout-constrained wp-block-group-is-layout-constrained\">\n<figure class=\"wp-block-table is-style-regular\" style=\"font-size:20px\"><table class=\"has-fixed-layout\"><tbody><tr><td class=\"has-text-align-center\" data-align=\"center\"><strong>HORARIO<\/strong><\/td><td class=\"has-text-align-center\" data-align=\"center\">Nuestro horario de consulta es de <mark style=\"background-color:rgba(0, 0, 0, 0)\" class=\"has-inline-color has-accent-color\"><strong>Lunes a Viernes de 10:00 a 14:00 y de 16:00 a 21:00.<\/strong><\/mark><\/td><\/tr><tr><td class=\"has-text-align-center\" data-align=\"center\"><strong>RESERVAS<\/strong><\/td><td class=\"has-text-align-center\" data-align=\"center\">Puedes realizar tu reserva a trav\u00e9s de:<br><br>Llamada telef\u00f3nica: <strong><mark style=\"background-color:rgba(0, 0, 0, 0)\" class=\"has-inline-color has-accent-color\">619 967 504<\/mark><\/strong><br><br>Enviando un correo electr\u00f3nico a:<mark style=\"background-color:rgba(0, 0, 0, 0);color:#f10000\" class=\"has-inline-color\"> <\/mark><strong><mark style=\"background-color:rgba(0, 0, 0, 0)\" class=\"has-inline-color has-accent-color\">jcmoreno@jcmosteopatia.es<\/mark><\/strong><\/td><\/tr><\/tbody><\/table><\/figure>\n<\/div><\/div>\n<\/div>\n<\/div>\n<\/div><\/div>\n\n\n\n<p class=\"has-text-align-center\"><\/p>\n<\/div><\/div>\n<\/div><\/div>\n\n\n\n<h2 class=\"wp-block-heading has-text-align-center\" style=\"font-size:30px\"><strong>RESERVA DIGITAL <\/strong>de tu cita<\/h2>\n\n\n\n<!-- Principio del widget integrado de Calendly -->\n<div class=\"calendly-inline-widget\" data-url=\"https:\/\/calendly.com\/jcmosteopatia\/citas\" style=\"min-width:320px;height:630px;\"><\/div>\n<script type=\"text\/javascript\" src=\"https:\/\/assets.calendly.com\/assets\/external\/widget.js\"><\/script>\n<!-- Final del widget integrado de Calendly -->\n\n\n\n<div style=\"height:100px\" aria-hidden=\"true\" class=\"wp-block-spacer\"><\/div>\n\n\n\n<h2 class=\"wp-block-heading has-text-align-center\" style=\"font-size:30px\"><strong>\u00bf<strong>D\u00d3NDE <\/strong><\/strong>estamos?<\/h2>\n\n\n\n<p>Puedes encontrarnos tras cita previa en:<\/p>\n\n\n\n<p>C\/ Toledo, 6 &#8211; 1\u00b0 L \u2026 timbre portero 24 y \ud83d\udd14 &#8211; 19170 &#8211; El Casar de Talamanca &#8211; Guadalajara.<\/p>\n\n\n\n<p><\/p>\n\n\n\n<iframe src=\"https:\/\/www.google.com\/maps\/embed?pb=!1m18!1m12!1m3!1d3024.7895209482576!2d-3.4307608223808774!3d40.700632971395436!2m3!1f0!2f0!3f0!3m2!1i1024!2i768!4f13.1!3m3!1m2!1s0xd43c91edcb40c93%3A0xb6fe91385cdb5b13!2sJCM%20Osteopatia!5e0!3m2!1sen!2ses!4v1686292858082!5m2!1sen!2ses\" width=\"1920\" height=\"500\" style=\"border:0;\" allowfullscreen=\"\" loading=\"lazy\" referrerpolicy=\"no-referrer-when-downgrade\"><\/iframe>\n","protected":false},"excerpt":{"rendered":"<p>RESERVA tu cita con nosotros HORARIO Nuestro horario de consulta es de Lunes a Viernes de 10:00 a 14:00 y de 16:00 a 21:00. RESERVAS Puedes realizar tu reserva a trav\u00e9s de: Llamada telef\u00f3nica: 619 967 504 Enviando un correo electr\u00f3nico a: jcmoreno@jcmosteopatia.es RESERVA DIGITAL de tu cita \u00bfD\u00d3NDE estamos? Puedes encontrarnos tras cita previa &#8230; <a title=\"Reservas\" class=\"read-more\" href=\"https:\/\/jcmosteopatia.es\/?page_id=10\" aria-label=\"Leer m\u00e1s sobre Reservas\">Leer m\u00e1s<\/a><\/p>\n","protected":false},"author":1,"featured_media":0,"parent":0,"menu_order":0,"comment_status":"closed","ping_status":"closed","template":"","meta":{"footnotes":""},"class_list":["post-10","page","type-page","status-publish"],"yoast_head":"<!-- This site is optimized with the Yoast SEO plugin v25.2 - https:\/\/yoast.com\/wordpress\/plugins\/seo\/ -->\n<title>Reserva tu cita - JCM Osteopat\u00eda<\/title>\n<meta name=\"description\" content=\"\u2b50 Reserva tu cita para una sesi\u00f3n de OSTEOPAT\u00cdA con nosotros. \u2b50 Excelentes resultados para nuestros clientes \u2733\ufe0f ECON\u00d3MICOS\" \/>\n<meta name=\"robots\" content=\"index, follow, max-snippet:-1, max-image-preview:large, max-video-preview:-1\" \/>\n<link rel=\"canonical\" href=\"https:\/\/jcmosteopatia.es\/?page_id=10\" \/>\n<meta property=\"og:locale\" content=\"es_ES\" \/>\n<meta property=\"og:type\" content=\"article\" \/>\n<meta property=\"og:title\" content=\"Reserva tu cita - JCM Osteopat\u00eda\" \/>\n<meta property=\"og:description\" content=\"\u2b50 Reserva tu cita para una sesi\u00f3n de OSTEOPAT\u00cdA con nosotros. \u2b50 Excelentes resultados para nuestros clientes \u2733\ufe0f ECON\u00d3MICOS\" \/>\n<meta property=\"og:url\" content=\"https:\/\/jcmosteopatia.es\/?page_id=10\" \/>\n<meta property=\"og:site_name\" content=\"JCM Osteopat\u00eda\" \/>\n<meta property=\"article:modified_time\" content=\"2024-05-22T19:23:55+00:00\" \/>\n<meta property=\"og:image\" content=\"https:\/\/jcmosteopatia.es\/wp-content\/uploads\/2023\/09\/flores-amarillas.png\" \/>\n<meta name=\"twitter:card\" content=\"summary_large_image\" \/>\n<meta name=\"twitter:label1\" content=\"Tiempo de lectura\" \/>\n\t<meta name=\"twitter:data1\" content=\"1 minuto\" \/>\n<script type=\"application\/ld+json\" class=\"yoast-schema-graph\">{\"@context\":\"https:\/\/schema.org\",\"@graph\":[{\"@type\":\"WebPage\",\"@id\":\"https:\/\/jcmosteopatia.es\/?page_id=10\",\"url\":\"https:\/\/jcmosteopatia.es\/?page_id=10\",\"name\":\"Reserva tu cita - JCM Osteopat\u00eda\",\"isPartOf\":{\"@id\":\"https:\/\/jcmosteopatia.es\/#website\"},\"primaryImageOfPage\":{\"@id\":\"https:\/\/jcmosteopatia.es\/?page_id=10#primaryimage\"},\"image\":{\"@id\":\"https:\/\/jcmosteopatia.es\/?page_id=10#primaryimage\"},\"thumbnailUrl\":\"https:\/\/jcmosteopatia.es\/wp-content\/uploads\/2023\/09\/flores-amarillas.png\",\"datePublished\":\"2020-06-05T20:11:37+00:00\",\"dateModified\":\"2024-05-22T19:23:55+00:00\",\"description\":\"\u2b50 Reserva tu cita para una sesi\u00f3n de OSTEOPAT\u00cdA con nosotros. \u2b50 Excelentes resultados para nuestros clientes \u2733\ufe0f ECON\u00d3MICOS\",\"breadcrumb\":{\"@id\":\"https:\/\/jcmosteopatia.es\/?page_id=10#breadcrumb\"},\"inLanguage\":\"es\",\"potentialAction\":[{\"@type\":\"ReadAction\",\"target\":[\"https:\/\/jcmosteopatia.es\/?page_id=10\"]}]},{\"@type\":\"ImageObject\",\"inLanguage\":\"es\",\"@id\":\"https:\/\/jcmosteopatia.es\/?page_id=10#primaryimage\",\"url\":\"https:\/\/jcmosteopatia.es\/wp-content\/uploads\/2023\/09\/flores-amarillas.png\",\"contentUrl\":\"https:\/\/jcmosteopatia.es\/wp-content\/uploads\/2023\/09\/flores-amarillas.png\",\"width\":1921,\"height\":1281,\"caption\":\"Flores\"},{\"@type\":\"BreadcrumbList\",\"@id\":\"https:\/\/jcmosteopatia.es\/?page_id=10#breadcrumb\",\"itemListElement\":[{\"@type\":\"ListItem\",\"position\":1,\"name\":\"Portada\",\"item\":\"https:\/\/jcmosteopatia.es\/\"},{\"@type\":\"ListItem\",\"position\":2,\"name\":\"Reservas\"}]},{\"@type\":\"WebSite\",\"@id\":\"https:\/\/jcmosteopatia.es\/#website\",\"url\":\"https:\/\/jcmosteopatia.es\/\",\"name\":\"JCM Osteopat\u00eda\",\"description\":\"Veinte a\u00f1os ayudando a mejorar la vida de nuestros clientes\",\"publisher\":{\"@id\":\"https:\/\/jcmosteopatia.es\/#organization\"},\"potentialAction\":[{\"@type\":\"SearchAction\",\"target\":{\"@type\":\"EntryPoint\",\"urlTemplate\":\"https:\/\/jcmosteopatia.es\/?s={search_term_string}\"},\"query-input\":{\"@type\":\"PropertyValueSpecification\",\"valueRequired\":true,\"valueName\":\"search_term_string\"}}],\"inLanguage\":\"es\"},{\"@type\":\"Organization\",\"@id\":\"https:\/\/jcmosteopatia.es\/#organization\",\"name\":\"JCM Osteopat\u00eda\",\"url\":\"https:\/\/jcmosteopatia.es\/\",\"logo\":{\"@type\":\"ImageObject\",\"inLanguage\":\"es\",\"@id\":\"https:\/\/jcmosteopatia.es\/#\/schema\/logo\/image\/\",\"url\":\"https:\/\/jcmosteopatia.es\/wp-content\/uploads\/2020\/06\/Logo-JCM.jpg\",\"contentUrl\":\"https:\/\/jcmosteopatia.es\/wp-content\/uploads\/2020\/06\/Logo-JCM.jpg\",\"width\":2106,\"height\":974,\"caption\":\"JCM Osteopat\u00eda\"},\"image\":{\"@id\":\"https:\/\/jcmosteopatia.es\/#\/schema\/logo\/image\/\"}}]}<\/script>\n<!-- \/ Yoast SEO plugin. -->","yoast_head_json":{"title":"Reserva tu cita - JCM Osteopat\u00eda","description":"\u2b50 Reserva tu cita para una sesi\u00f3n de OSTEOPAT\u00cdA con nosotros. \u2b50 Excelentes resultados para nuestros clientes \u2733\ufe0f ECON\u00d3MICOS","robots":{"index":"index","follow":"follow","max-snippet":"max-snippet:-1","max-image-preview":"max-image-preview:large","max-video-preview":"max-video-preview:-1"},"canonical":"https:\/\/jcmosteopatia.es\/?page_id=10","og_locale":"es_ES","og_type":"article","og_title":"Reserva tu cita - JCM Osteopat\u00eda","og_description":"\u2b50 Reserva tu cita para una sesi\u00f3n de OSTEOPAT\u00cdA con nosotros. \u2b50 Excelentes resultados para nuestros clientes \u2733\ufe0f ECON\u00d3MICOS","og_url":"https:\/\/jcmosteopatia.es\/?page_id=10","og_site_name":"JCM Osteopat\u00eda","article_modified_time":"2024-05-22T19:23:55+00:00","og_image":[{"url":"https:\/\/jcmosteopatia.es\/wp-content\/uploads\/2023\/09\/flores-amarillas.png","type":"","width":"","height":""}],"twitter_card":"summary_large_image","twitter_misc":{"Tiempo de lectura":"1 minuto"},"schema":{"@context":"https:\/\/schema.org","@graph":[{"@type":"WebPage","@id":"https:\/\/jcmosteopatia.es\/?page_id=10","url":"https:\/\/jcmosteopatia.es\/?page_id=10","name":"Reserva tu cita - JCM Osteopat\u00eda","isPartOf":{"@id":"https:\/\/jcmosteopatia.es\/#website"},"primaryImageOfPage":{"@id":"https:\/\/jcmosteopatia.es\/?page_id=10#primaryimage"},"image":{"@id":"https:\/\/jcmosteopatia.es\/?page_id=10#primaryimage"},"thumbnailUrl":"https:\/\/jcmosteopatia.es\/wp-content\/uploads\/2023\/09\/flores-amarillas.png","datePublished":"2020-06-05T20:11:37+00:00","dateModified":"2024-05-22T19:23:55+00:00","description":"\u2b50 Reserva tu cita para una sesi\u00f3n de OSTEOPAT\u00cdA con nosotros. \u2b50 Excelentes resultados para nuestros clientes \u2733\ufe0f ECON\u00d3MICOS","breadcrumb":{"@id":"https:\/\/jcmosteopatia.es\/?page_id=10#breadcrumb"},"inLanguage":"es","potentialAction":[{"@type":"ReadAction","target":["https:\/\/jcmosteopatia.es\/?page_id=10"]}]},{"@type":"ImageObject","inLanguage":"es","@id":"https:\/\/jcmosteopatia.es\/?page_id=10#primaryimage","url":"https:\/\/jcmosteopatia.es\/wp-content\/uploads\/2023\/09\/flores-amarillas.png","contentUrl":"https:\/\/jcmosteopatia.es\/wp-content\/uploads\/2023\/09\/flores-amarillas.png","width":1921,"height":1281,"caption":"Flores"},{"@type":"BreadcrumbList","@id":"https:\/\/jcmosteopatia.es\/?page_id=10#breadcrumb","itemListElement":[{"@type":"ListItem","position":1,"name":"Portada","item":"https:\/\/jcmosteopatia.es\/"},{"@type":"ListItem","position":2,"name":"Reservas"}]},{"@type":"WebSite","@id":"https:\/\/jcmosteopatia.es\/#website","url":"https:\/\/jcmosteopatia.es\/","name":"JCM Osteopat\u00eda","description":"Veinte a\u00f1os ayudando a mejorar la vida de nuestros clientes","publisher":{"@id":"https:\/\/jcmosteopatia.es\/#organization"},"potentialAction":[{"@type":"SearchAction","target":{"@type":"EntryPoint","urlTemplate":"https:\/\/jcmosteopatia.es\/?s={search_term_string}"},"query-input":{"@type":"PropertyValueSpecification","valueRequired":true,"valueName":"search_term_string"}}],"inLanguage":"es"},{"@type":"Organization","@id":"https:\/\/jcmosteopatia.es\/#organization","name":"JCM Osteopat\u00eda","url":"https:\/\/jcmosteopatia.es\/","logo":{"@type":"ImageObject","inLanguage":"es","@id":"https:\/\/jcmosteopatia.es\/#\/schema\/logo\/image\/","url":"https:\/\/jcmosteopatia.es\/wp-content\/uploads\/2020\/06\/Logo-JCM.jpg","contentUrl":"https:\/\/jcmosteopatia.es\/wp-content\/uploads\/2020\/06\/Logo-JCM.jpg","width":2106,"height":974,"caption":"JCM Osteopat\u00eda"},"image":{"@id":"https:\/\/jcmosteopatia.es\/#\/schema\/logo\/image\/"}}]}},"_links":{"self":[{"href":"https:\/\/jcmosteopatia.es\/index.php?rest_route=\/wp\/v2\/pages\/10","targetHints":{"allow":["GET"]}}],"collection":[{"href":"https:\/\/jcmosteopatia.es\/index.php?rest_route=\/wp\/v2\/pages"}],"about":[{"href":"https:\/\/jcmosteopatia.es\/index.php?rest_route=\/wp\/v2\/types\/page"}],"author":[{"embeddable":true,"href":"https:\/\/jcmosteopatia.es\/index.php?rest_route=\/wp\/v2\/users\/1"}],"replies":[{"embeddable":true,"href":"https:\/\/jcmosteopatia.es\/index.php?rest_route=%2Fwp%2Fv2%2Fcomments&post=10"}],"version-history":[{"count":24,"href":"https:\/\/jcmosteopatia.es\/index.php?rest_route=\/wp\/v2\/pages\/10\/revisions"}],"predecessor-version":[{"id":526,"href":"https:\/\/jcmosteopatia.es\/index.php?rest_route=\/wp\/v2\/pages\/10\/revisions\/526"}],"wp:attachment":[{"href":"https:\/\/jcmosteopatia.es\/index.php?rest_route=%2Fwp%2Fv2%2Fmedia&parent=10"}],"curies":[{"name":"wp","href":"https:\/\/api.w.org\/{rel}","templated":true}]}}