{"id":12,"date":"2020-06-05T22:11:37","date_gmt":"2020-06-05T20:11:37","guid":{"rendered":"http:\/\/jcmosteopatia.es\/?page_id=12"},"modified":"2024-05-22T21:22:08","modified_gmt":"2024-05-22T19:22:08","slug":"especialidades-y-terapias","status":"publish","type":"page","link":"https:\/\/jcmosteopatia.es\/?page_id=12","title":{"rendered":"Especialidades y terapias"},"content":{"rendered":"\n<div class=\"wp-block-cover alignfull is-light\" style=\"min-height:60vh;aspect-ratio:unset;\"><span aria-hidden=\"true\" class=\"wp-block-cover__background has-background-dim-0 has-background-dim\"><\/span><img loading=\"lazy\" decoding=\"async\" width=\"1921\" height=\"1281\" class=\"wp-block-cover__image-background wp-image-445\" alt=\"\" src=\"https:\/\/jcmosteopatia.es\/wp-content\/uploads\/2023\/09\/unsplash_m2J105CzEAU.png\" style=\"object-position:100% 52%\" data-object-fit=\"cover\" data-object-position=\"100% 52%\" srcset=\"https:\/\/jcmosteopatia.es\/wp-content\/uploads\/2023\/09\/unsplash_m2J105CzEAU.png 1921w, https:\/\/jcmosteopatia.es\/wp-content\/uploads\/2023\/09\/unsplash_m2J105CzEAU-300x200.png 300w, https:\/\/jcmosteopatia.es\/wp-content\/uploads\/2023\/09\/unsplash_m2J105CzEAU-1024x683.png 1024w, https:\/\/jcmosteopatia.es\/wp-content\/uploads\/2023\/09\/unsplash_m2J105CzEAU-768x512.png 768w, https:\/\/jcmosteopatia.es\/wp-content\/uploads\/2023\/09\/unsplash_m2J105CzEAU-1536x1024.png 1536w\" sizes=\"auto, (max-width: 1921px) 100vw, 1921px\" \/><div class=\"wp-block-cover__inner-container is-layout-flow wp-block-cover-is-layout-flow\">\n<p class=\"has-text-align-center\" style=\"font-size:60px\"><strong><mark style=\"background-color:rgba(0, 0, 0, 0)\" class=\"has-inline-color has-contrast-2-color\">Terapias<\/mark><\/strong><\/p>\n<\/div><\/div>\n\n\n\n<div style=\"height:40px\" aria-hidden=\"true\" class=\"wp-block-spacer\"><\/div>\n\n\n\n<h1 class=\"wp-block-heading has-text-align-center\">Nuestras <strong>TERAPIAS<\/strong><\/h1>\n\n\n\n<div style=\"height:40px\" aria-hidden=\"true\" class=\"wp-block-spacer\"><\/div>\n\n\n\n<div class=\"wp-block-media-text alignwide has-media-on-the-right is-stacked-on-mobile\" style=\"grid-template-columns:auto 30%\"><div class=\"wp-block-media-text__content\">\n<div style=\"height:42px\" aria-hidden=\"true\" class=\"wp-block-spacer\"><\/div>\n\n\n\n<p>Tras a\u00f1os de experiencia y mucha formaci\u00f3n hemos logrado especializarnos en un gran n\u00famero de especialidades y terapias con las que ayudamos a nuestros clientes a paliar sus dolencias.<\/p>\n\n\n\n<div style=\"height:60px\" aria-hidden=\"true\" class=\"wp-block-spacer\"><\/div>\n\n\n\n<h2 class=\"wp-block-heading\" style=\"font-size:30px\"><strong><span style=\"background-color:rgba(0, 0, 0, 0)\" class=\"has-inline-color has-very-dark-gray-color\">TERAPIAS<\/span><\/strong><span style=\"background-color:rgba(0, 0, 0, 0)\" class=\"has-inline-color has-very-dark-gray-color\"> manuales<\/span><\/h2>\n\n\n\n<p>Utilizamos t\u00e9cnicas&nbsp;de masaje manual para aliviar dolencias de partes blandas como m\u00fasculos, tendones y ligamentos.<\/p>\n\n\n\n<div style=\"height:40px\" aria-hidden=\"true\" class=\"wp-block-spacer\"><\/div>\n\n\n\n<h2 class=\"wp-block-heading\" style=\"font-size:30px\"><strong>VENTOSAS<\/strong><\/h2>\n\n\n\n<p>Utilizamos esta t\u00e9cnica para oxigenar la zona da\u00f1ada mediante vac\u00edo con el objetivo de acelerar la recuperaci\u00f3n de nuestros pacientes.<\/p>\n\n\n\n<p>Se puede aplicar solo en la zona de dolor o con crema y movilidad para eliminar adherencias.<\/p>\n\n\n\n<p><\/p>\n\n\n\n<p><\/p>\n<\/div><figure class=\"wp-block-media-text__media\"><img loading=\"lazy\" decoding=\"async\" width=\"525\" height=\"1024\" src=\"http:\/\/jcmosteopatia.es\/wp-content\/uploads\/2020\/06\/IMG_7049-525x1024.jpeg\" alt=\"\" class=\"wp-image-64 size-full\" srcset=\"https:\/\/jcmosteopatia.es\/wp-content\/uploads\/2020\/06\/IMG_7049-525x1024.jpeg 525w, https:\/\/jcmosteopatia.es\/wp-content\/uploads\/2020\/06\/IMG_7049-154x300.jpeg 154w, https:\/\/jcmosteopatia.es\/wp-content\/uploads\/2020\/06\/IMG_7049-768x1499.jpeg 768w, https:\/\/jcmosteopatia.es\/wp-content\/uploads\/2020\/06\/IMG_7049-787x1536.jpeg 787w, https:\/\/jcmosteopatia.es\/wp-content\/uploads\/2020\/06\/IMG_7049-1049x2048.jpeg 1049w, https:\/\/jcmosteopatia.es\/wp-content\/uploads\/2020\/06\/IMG_7049-scaled.jpeg 1311w\" sizes=\"auto, (max-width: 525px) 100vw, 525px\" \/><\/figure><\/div>\n\n\n\n<div style=\"height:50px\" aria-hidden=\"true\" class=\"wp-block-spacer\"><\/div>\n\n\n\n<div class=\"wp-block-media-text alignwide is-stacked-on-mobile\" style=\"grid-template-columns:39% auto\"><figure class=\"wp-block-media-text__media\"><img loading=\"lazy\" decoding=\"async\" width=\"681\" height=\"1024\" src=\"http:\/\/jcmosteopatia.es\/wp-content\/uploads\/2020\/06\/IMG_7084-681x1024.jpeg\" alt=\"\" class=\"wp-image-187 size-full\" srcset=\"https:\/\/jcmosteopatia.es\/wp-content\/uploads\/2020\/06\/IMG_7084-681x1024.jpeg 681w, https:\/\/jcmosteopatia.es\/wp-content\/uploads\/2020\/06\/IMG_7084-200x300.jpeg 200w, https:\/\/jcmosteopatia.es\/wp-content\/uploads\/2020\/06\/IMG_7084-768x1155.jpeg 768w, https:\/\/jcmosteopatia.es\/wp-content\/uploads\/2020\/06\/IMG_7084-1022x1536.jpeg 1022w, https:\/\/jcmosteopatia.es\/wp-content\/uploads\/2020\/06\/IMG_7084-1362x2048.jpeg 1362w, https:\/\/jcmosteopatia.es\/wp-content\/uploads\/2020\/06\/IMG_7084.jpeg 1450w\" sizes=\"auto, (max-width: 681px) 100vw, 681px\" \/><\/figure><div class=\"wp-block-media-text__content\">\n<h2 class=\"wp-block-heading\" style=\"font-size:30px\"><strong>OSTEOPAT\u00cdA&nbsp;<\/strong><\/h2>\n\n\n\n<p>Utilizamos la osteopat\u00eda como m\u00e9todo de recuperaci\u00f3n manual, basado en el masaje y la manipulaci\u00f3n de las articulaciones para estabilizar y restaurar la normalidad f\u00edsica y mental.<\/p>\n\n\n\n<p>La osteopat\u00eda es una terapia manual que utiliza t\u00e9cnicas como la manipulaci\u00f3n, el masaje y la tracci\u00f3n para tratar una amplia gama de problemas de salud. El objetivo de la osteopat\u00eda es mejorar la funci\u00f3n de los sistemas musculoesquel\u00e9tico, nervioso, circulatorio y visceral.<\/p>\n\n\n\n<p>Podemos utilizar la osteopat\u00eda para tratar una amplia gama de problemas de salud:<\/p>\n\n\n\n<ul class=\"wp-block-list\">\n<li>Dolor de espalda<\/li>\n\n\n\n<li>Dolor de cuello<\/li>\n\n\n\n<li>Dolores de cabeza<\/li>\n\n\n\n<li>Problemas digestivos<\/li>\n\n\n\n<li>Problemas menstruales<\/li>\n\n\n\n<li>Problemas de fertilidad<\/li>\n\n\n\n<li>Problemas respiratorios<\/li>\n\n\n\n<li>Problemas de estr\u00e9s<\/li>\n<\/ul>\n\n\n\n<p>Utilizamos las manos para detectar cualquier disfunci\u00f3n. Una vez la hemos identificado, utilizamos t\u00e9cnicas manuales para corregirla.<\/p>\n\n\n\n<p>La osteopat\u00eda tiene una serie de beneficios:<\/p>\n\n\n\n<ul class=\"wp-block-list\">\n<li>Alivio del dolor<\/li>\n\n\n\n<li>Mejora de la movilidad<\/li>\n\n\n\n<li>Mejora de la funci\u00f3n<\/li>\n\n\n\n<li>Aumento del bienestar general<\/li>\n<\/ul>\n\n\n\n<p>La osteopat\u00eda es una terapia natural que puede ser muy eficaz para tratar una amplia gama de problemas de salud. Si est\u00e1s buscando una forma natural de aliviar el dolor y mejorar tu bienestar, la osteopat\u00eda puede ser una buena opci\u00f3n para ti. Sin embargo, es importante consultar con un oste\u00f3pata cualificado y con experiencia.<\/p>\n<\/div><\/div>\n\n\n\n<div style=\"height:50px\" aria-hidden=\"true\" class=\"wp-block-spacer\"><\/div>\n\n\n\n<div class=\"wp-block-media-text alignwide has-media-on-the-right is-stacked-on-mobile\"><div class=\"wp-block-media-text__content\">\n<h2 class=\"wp-block-heading\" style=\"font-size:30px\"><strong>VENDAJE <\/strong>neuromuscular<\/h2>\n\n\n\n<p>Utilizamos vendas el\u00e1sticas y adhesivas con el objetivo de no limitar el movimiento.<\/p>\n\n\n\n<p>Las ventajas de esta t\u00e9cnica es que aumenta el flujo sangu\u00edneo, aceleramos el drenaje del hematoma, aliviando el dolor.<\/p>\n\n\n\n<div style=\"height:42px\" aria-hidden=\"true\" class=\"wp-block-spacer\"><\/div>\n\n\n\n<h2 class=\"wp-block-heading\" style=\"font-size:30px\"><strong>DIGITOPRESI\u00d3N<\/strong><\/h2>\n\n\n\n<p>Esta t\u00e9cnica que consiste en presionar los puntos gatillo (zonas sensibles dentro del m\u00fasculo) y as\u00ed aliviar la sobrecarga, la distensi\u00f3n, o la contractura de la zona afectada.<\/p>\n\n\n\n<p><\/p>\n<\/div><figure class=\"wp-block-media-text__media\"><img loading=\"lazy\" decoding=\"async\" width=\"1024\" height=\"856\" src=\"http:\/\/jcmosteopatia.es\/wp-content\/uploads\/2020\/06\/IMG_7069-1024x856.jpeg\" alt=\"\" class=\"wp-image-68 size-full\" srcset=\"https:\/\/jcmosteopatia.es\/wp-content\/uploads\/2020\/06\/IMG_7069-1024x856.jpeg 1024w, https:\/\/jcmosteopatia.es\/wp-content\/uploads\/2020\/06\/IMG_7069-300x251.jpeg 300w, https:\/\/jcmosteopatia.es\/wp-content\/uploads\/2020\/06\/IMG_7069-768x642.jpeg 768w, https:\/\/jcmosteopatia.es\/wp-content\/uploads\/2020\/06\/IMG_7069-1536x1285.jpeg 1536w, https:\/\/jcmosteopatia.es\/wp-content\/uploads\/2020\/06\/IMG_7069.jpeg 1858w\" sizes=\"auto, (max-width: 1024px) 100vw, 1024px\" \/><\/figure><\/div>\n\n\n\n<div style=\"height:50px\" aria-hidden=\"true\" class=\"wp-block-spacer\"><\/div>\n\n\n\n<p><\/p>\n\n\n\n<div class=\"wp-block-media-text alignwide is-stacked-on-mobile\" style=\"grid-template-columns:48% auto\"><figure class=\"wp-block-media-text__media\"><img loading=\"lazy\" decoding=\"async\" width=\"1024\" height=\"638\" src=\"http:\/\/jcmosteopatia.es\/wp-content\/uploads\/2020\/06\/IMG_7099-1024x638.jpeg\" alt=\"\" class=\"wp-image-70 size-full\" srcset=\"https:\/\/jcmosteopatia.es\/wp-content\/uploads\/2020\/06\/IMG_7099-1024x638.jpeg 1024w, https:\/\/jcmosteopatia.es\/wp-content\/uploads\/2020\/06\/IMG_7099-300x187.jpeg 300w, https:\/\/jcmosteopatia.es\/wp-content\/uploads\/2020\/06\/IMG_7099-768x479.jpeg 768w, https:\/\/jcmosteopatia.es\/wp-content\/uploads\/2020\/06\/IMG_7099-1536x957.jpeg 1536w, https:\/\/jcmosteopatia.es\/wp-content\/uploads\/2020\/06\/IMG_7099-2048x1276.jpeg 2048w\" sizes=\"auto, (max-width: 1024px) 100vw, 1024px\" \/><\/figure><div class=\"wp-block-media-text__content\">\n<h2 class=\"wp-block-heading\" style=\"font-size:30px\">Masaje de <strong>RELAJACI\u00d3N<\/strong><\/h2>\n\n\n\n<p>Realizamos masaje terap\u00e9utico de intensidad y presi\u00f3n moderada\/floja, indoloro que produce una sensaci\u00f3n relajante y hace que nos sintamos mucho mejor.<\/p>\n\n\n\n<div style=\"height:42px\" aria-hidden=\"true\" class=\"wp-block-spacer\"><\/div>\n\n\n\n<h2 class=\"wp-block-heading\" style=\"font-size:30px\">Masaje <strong>ANTICELUL\u00cdTICO y CIRCULATORIO<\/strong><\/h2>\n\n\n\n<p>Realizamos masajes especialmente destinados a la activaci\u00f3n del riego sangu\u00edneo para drenaje de la zona, efectuado con una intensidad media \/alta. Lo aplicamos con crema reductora con el objetivo de mejorar la circulaci\u00f3n y reducir la piel de naranja (celulitis).<\/p>\n<\/div><\/div>\n\n\n\n<div style=\"height:50px\" aria-hidden=\"true\" class=\"wp-block-spacer\"><\/div>\n\n\n\n<h2 class=\"wp-block-heading has-text-align-center\" style=\"font-size:30px\">\u00bf<strong>D\u00d3NDE <\/strong>estamos?<\/h2>\n\n\n\n<p>Puedes encontrarnos tras cita previa en:<\/p>\n\n\n\n<p>C\/ Toledo, 6 &#8211; 1\u00b0 L \u2026 timbre portero 24 y \ud83d\udd14 &#8211; 19170 &#8211; El Casar de Talamanca &#8211;  Guadalajara.<\/p>\n\n\n\n<p><\/p>\n\n\n\n<p><\/p>\n\n\n\n<iframe src=\"https:\/\/www.google.com\/maps\/embed?pb=!1m18!1m12!1m3!1d3024.7895209482576!2d-3.4307608223808774!3d40.700632971395436!2m3!1f0!2f0!3f0!3m2!1i1024!2i768!4f13.1!3m3!1m2!1s0xd43c91edcb40c93%3A0xb6fe91385cdb5b13!2sJCM%20Osteopatia!5e0!3m2!1sen!2ses!4v1686292858082!5m2!1sen!2ses\" width=\"1920\" height=\"500\" style=\"border:0;\" allowfullscreen=\"\" loading=\"lazy\" referrerpolicy=\"no-referrer-when-downgrade\"><\/iframe>\n","protected":false},"excerpt":{"rendered":"<p>Nuestras TERAPIAS \u00bfD\u00d3NDE estamos? Puedes encontrarnos tras cita previa en: C\/ Toledo, 6 &#8211; 1\u00b0 L \u2026 timbre portero 24 y \ud83d\udd14 &#8211; 19170 &#8211; El Casar de Talamanca &#8211; Guadalajara.<\/p>\n","protected":false},"author":1,"featured_media":0,"parent":0,"menu_order":0,"comment_status":"closed","ping_status":"closed","template":"","meta":{"footnotes":""},"class_list":["post-12","page","type-page","status-publish"],"yoast_head":"<!-- This site is optimized with the Yoast SEO plugin v25.2 - https:\/\/yoast.com\/wordpress\/plugins\/seo\/ -->\n<title>\u25b7 Especialidades y terapias - JCM Osteopat\u00eda<\/title>\n<meta name=\"description\" content=\"\u2b50 Utilizamos las mejores t\u00e9cnicas de recuperaci\u00f3n. \u2733\ufe0f ECON\u00d3MICOS \u25b6\ufe0f Contacta con nosotros y reserva tu cita.\" \/>\n<meta name=\"robots\" content=\"index, follow, max-snippet:-1, max-image-preview:large, max-video-preview:-1\" \/>\n<link rel=\"canonical\" href=\"https:\/\/jcmosteopatia.es\/?page_id=12\" \/>\n<meta property=\"og:locale\" content=\"es_ES\" \/>\n<meta property=\"og:type\" content=\"article\" \/>\n<meta property=\"og:title\" content=\"\u25b7 Especialidades y terapias - JCM Osteopat\u00eda\" \/>\n<meta property=\"og:description\" content=\"\u2b50 Utilizamos las mejores t\u00e9cnicas de recuperaci\u00f3n. \u2733\ufe0f ECON\u00d3MICOS \u25b6\ufe0f Contacta con nosotros y reserva tu cita.\" \/>\n<meta property=\"og:url\" content=\"https:\/\/jcmosteopatia.es\/?page_id=12\" \/>\n<meta property=\"og:site_name\" content=\"JCM Osteopat\u00eda\" \/>\n<meta property=\"article:modified_time\" content=\"2024-05-22T19:22:08+00:00\" \/>\n<meta property=\"og:image\" content=\"https:\/\/jcmosteopatia.es\/wp-content\/uploads\/2023\/09\/unsplash_m2J105CzEAU.png\" \/>\n<meta name=\"twitter:card\" content=\"summary_large_image\" \/>\n<meta name=\"twitter:label1\" content=\"Tiempo de lectura\" \/>\n\t<meta name=\"twitter:data1\" content=\"4 minutos\" \/>\n<script type=\"application\/ld+json\" class=\"yoast-schema-graph\">{\"@context\":\"https:\/\/schema.org\",\"@graph\":[{\"@type\":\"WebPage\",\"@id\":\"https:\/\/jcmosteopatia.es\/?page_id=12\",\"url\":\"https:\/\/jcmosteopatia.es\/?page_id=12\",\"name\":\"\u25b7 Especialidades y terapias - JCM Osteopat\u00eda\",\"isPartOf\":{\"@id\":\"https:\/\/jcmosteopatia.es\/#website\"},\"primaryImageOfPage\":{\"@id\":\"https:\/\/jcmosteopatia.es\/?page_id=12#primaryimage\"},\"image\":{\"@id\":\"https:\/\/jcmosteopatia.es\/?page_id=12#primaryimage\"},\"thumbnailUrl\":\"https:\/\/jcmosteopatia.es\/wp-content\/uploads\/2023\/09\/unsplash_m2J105CzEAU.png\",\"datePublished\":\"2020-06-05T20:11:37+00:00\",\"dateModified\":\"2024-05-22T19:22:08+00:00\",\"description\":\"\u2b50 Utilizamos las mejores t\u00e9cnicas de recuperaci\u00f3n. \u2733\ufe0f ECON\u00d3MICOS \u25b6\ufe0f Contacta con nosotros y reserva tu cita.\",\"breadcrumb\":{\"@id\":\"https:\/\/jcmosteopatia.es\/?page_id=12#breadcrumb\"},\"inLanguage\":\"es\",\"potentialAction\":[{\"@type\":\"ReadAction\",\"target\":[\"https:\/\/jcmosteopatia.es\/?page_id=12\"]}]},{\"@type\":\"ImageObject\",\"inLanguage\":\"es\",\"@id\":\"https:\/\/jcmosteopatia.es\/?page_id=12#primaryimage\",\"url\":\"https:\/\/jcmosteopatia.es\/wp-content\/uploads\/2023\/09\/unsplash_m2J105CzEAU.png\",\"contentUrl\":\"https:\/\/jcmosteopatia.es\/wp-content\/uploads\/2023\/09\/unsplash_m2J105CzEAU.png\",\"width\":1921,\"height\":1281,\"caption\":\"Planta en un Jarr\u00f3n de JCM Osteopat\u00eda\"},{\"@type\":\"BreadcrumbList\",\"@id\":\"https:\/\/jcmosteopatia.es\/?page_id=12#breadcrumb\",\"itemListElement\":[{\"@type\":\"ListItem\",\"position\":1,\"name\":\"Portada\",\"item\":\"https:\/\/jcmosteopatia.es\/\"},{\"@type\":\"ListItem\",\"position\":2,\"name\":\"Especialidades y terapias\"}]},{\"@type\":\"WebSite\",\"@id\":\"https:\/\/jcmosteopatia.es\/#website\",\"url\":\"https:\/\/jcmosteopatia.es\/\",\"name\":\"JCM Osteopat\u00eda\",\"description\":\"Veinte a\u00f1os ayudando a mejorar la vida de nuestros clientes\",\"publisher\":{\"@id\":\"https:\/\/jcmosteopatia.es\/#organization\"},\"potentialAction\":[{\"@type\":\"SearchAction\",\"target\":{\"@type\":\"EntryPoint\",\"urlTemplate\":\"https:\/\/jcmosteopatia.es\/?s={search_term_string}\"},\"query-input\":{\"@type\":\"PropertyValueSpecification\",\"valueRequired\":true,\"valueName\":\"search_term_string\"}}],\"inLanguage\":\"es\"},{\"@type\":\"Organization\",\"@id\":\"https:\/\/jcmosteopatia.es\/#organization\",\"name\":\"JCM Osteopat\u00eda\",\"url\":\"https:\/\/jcmosteopatia.es\/\",\"logo\":{\"@type\":\"ImageObject\",\"inLanguage\":\"es\",\"@id\":\"https:\/\/jcmosteopatia.es\/#\/schema\/logo\/image\/\",\"url\":\"https:\/\/jcmosteopatia.es\/wp-content\/uploads\/2020\/06\/Logo-JCM.jpg\",\"contentUrl\":\"https:\/\/jcmosteopatia.es\/wp-content\/uploads\/2020\/06\/Logo-JCM.jpg\",\"width\":2106,\"height\":974,\"caption\":\"JCM Osteopat\u00eda\"},\"image\":{\"@id\":\"https:\/\/jcmosteopatia.es\/#\/schema\/logo\/image\/\"}}]}<\/script>\n<!-- \/ Yoast SEO plugin. -->","yoast_head_json":{"title":"\u25b7 Especialidades y terapias - JCM Osteopat\u00eda","description":"\u2b50 Utilizamos las mejores t\u00e9cnicas de recuperaci\u00f3n. \u2733\ufe0f ECON\u00d3MICOS \u25b6\ufe0f Contacta con nosotros y reserva tu cita.","robots":{"index":"index","follow":"follow","max-snippet":"max-snippet:-1","max-image-preview":"max-image-preview:large","max-video-preview":"max-video-preview:-1"},"canonical":"https:\/\/jcmosteopatia.es\/?page_id=12","og_locale":"es_ES","og_type":"article","og_title":"\u25b7 Especialidades y terapias - JCM Osteopat\u00eda","og_description":"\u2b50 Utilizamos las mejores t\u00e9cnicas de recuperaci\u00f3n. \u2733\ufe0f ECON\u00d3MICOS \u25b6\ufe0f Contacta con nosotros y reserva tu cita.","og_url":"https:\/\/jcmosteopatia.es\/?page_id=12","og_site_name":"JCM Osteopat\u00eda","article_modified_time":"2024-05-22T19:22:08+00:00","og_image":[{"url":"https:\/\/jcmosteopatia.es\/wp-content\/uploads\/2023\/09\/unsplash_m2J105CzEAU.png","type":"","width":"","height":""}],"twitter_card":"summary_large_image","twitter_misc":{"Tiempo de lectura":"4 minutos"},"schema":{"@context":"https:\/\/schema.org","@graph":[{"@type":"WebPage","@id":"https:\/\/jcmosteopatia.es\/?page_id=12","url":"https:\/\/jcmosteopatia.es\/?page_id=12","name":"\u25b7 Especialidades y terapias - JCM Osteopat\u00eda","isPartOf":{"@id":"https:\/\/jcmosteopatia.es\/#website"},"primaryImageOfPage":{"@id":"https:\/\/jcmosteopatia.es\/?page_id=12#primaryimage"},"image":{"@id":"https:\/\/jcmosteopatia.es\/?page_id=12#primaryimage"},"thumbnailUrl":"https:\/\/jcmosteopatia.es\/wp-content\/uploads\/2023\/09\/unsplash_m2J105CzEAU.png","datePublished":"2020-06-05T20:11:37+00:00","dateModified":"2024-05-22T19:22:08+00:00","description":"\u2b50 Utilizamos las mejores t\u00e9cnicas de recuperaci\u00f3n. \u2733\ufe0f ECON\u00d3MICOS \u25b6\ufe0f Contacta con nosotros y reserva tu cita.","breadcrumb":{"@id":"https:\/\/jcmosteopatia.es\/?page_id=12#breadcrumb"},"inLanguage":"es","potentialAction":[{"@type":"ReadAction","target":["https:\/\/jcmosteopatia.es\/?page_id=12"]}]},{"@type":"ImageObject","inLanguage":"es","@id":"https:\/\/jcmosteopatia.es\/?page_id=12#primaryimage","url":"https:\/\/jcmosteopatia.es\/wp-content\/uploads\/2023\/09\/unsplash_m2J105CzEAU.png","contentUrl":"https:\/\/jcmosteopatia.es\/wp-content\/uploads\/2023\/09\/unsplash_m2J105CzEAU.png","width":1921,"height":1281,"caption":"Planta en un Jarr\u00f3n de JCM Osteopat\u00eda"},{"@type":"BreadcrumbList","@id":"https:\/\/jcmosteopatia.es\/?page_id=12#breadcrumb","itemListElement":[{"@type":"ListItem","position":1,"name":"Portada","item":"https:\/\/jcmosteopatia.es\/"},{"@type":"ListItem","position":2,"name":"Especialidades y terapias"}]},{"@type":"WebSite","@id":"https:\/\/jcmosteopatia.es\/#website","url":"https:\/\/jcmosteopatia.es\/","name":"JCM Osteopat\u00eda","description":"Veinte a\u00f1os ayudando a mejorar la vida de nuestros clientes","publisher":{"@id":"https:\/\/jcmosteopatia.es\/#organization"},"potentialAction":[{"@type":"SearchAction","target":{"@type":"EntryPoint","urlTemplate":"https:\/\/jcmosteopatia.es\/?s={search_term_string}"},"query-input":{"@type":"PropertyValueSpecification","valueRequired":true,"valueName":"search_term_string"}}],"inLanguage":"es"},{"@type":"Organization","@id":"https:\/\/jcmosteopatia.es\/#organization","name":"JCM Osteopat\u00eda","url":"https:\/\/jcmosteopatia.es\/","logo":{"@type":"ImageObject","inLanguage":"es","@id":"https:\/\/jcmosteopatia.es\/#\/schema\/logo\/image\/","url":"https:\/\/jcmosteopatia.es\/wp-content\/uploads\/2020\/06\/Logo-JCM.jpg","contentUrl":"https:\/\/jcmosteopatia.es\/wp-content\/uploads\/2020\/06\/Logo-JCM.jpg","width":2106,"height":974,"caption":"JCM Osteopat\u00eda"},"image":{"@id":"https:\/\/jcmosteopatia.es\/#\/schema\/logo\/image\/"}}]}},"_links":{"self":[{"href":"https:\/\/jcmosteopatia.es\/index.php?rest_route=\/wp\/v2\/pages\/12","targetHints":{"allow":["GET"]}}],"collection":[{"href":"https:\/\/jcmosteopatia.es\/index.php?rest_route=\/wp\/v2\/pages"}],"about":[{"href":"https:\/\/jcmosteopatia.es\/index.php?rest_route=\/wp\/v2\/types\/page"}],"author":[{"embeddable":true,"href":"https:\/\/jcmosteopatia.es\/index.php?rest_route=\/wp\/v2\/users\/1"}],"replies":[{"embeddable":true,"href":"https:\/\/jcmosteopatia.es\/index.php?rest_route=%2Fwp%2Fv2%2Fcomments&post=12"}],"version-history":[{"count":35,"href":"https:\/\/jcmosteopatia.es\/index.php?rest_route=\/wp\/v2\/pages\/12\/revisions"}],"predecessor-version":[{"id":524,"href":"https:\/\/jcmosteopatia.es\/index.php?rest_route=\/wp\/v2\/pages\/12\/revisions\/524"}],"wp:attachment":[{"href":"https:\/\/jcmosteopatia.es\/index.php?rest_route=%2Fwp%2Fv2%2Fmedia&parent=12"}],"curies":[{"name":"wp","href":"https:\/\/api.w.org\/{rel}","templated":true}]}}