{"id":291,"date":"2020-06-26T08:33:59","date_gmt":"2020-06-26T06:33:59","guid":{"rendered":"http:\/\/jcmosteopatia.es\/?page_id=291"},"modified":"2023-09-16T12:54:26","modified_gmt":"2023-09-16T10:54:26","slug":"aviso-legal","status":"publish","type":"page","link":"https:\/\/jcmosteopatia.es\/?page_id=291","title":{"rendered":"Aviso Legal"},"content":{"rendered":"\n<ol class=\"wp-block-list\">\n<li>El titular de este sitio web es Juan Carlos Moreno, con N.I.F. 51385302J, con domicilio en calle Toledo n\u00famero 10, en la Urbanizaci\u00f3n El Coto, c\u00f3digo postal 19170 de El Casar, (GUADALAJARA).<\/li>\n\n\n\n<li>El acceso al site de JCM Osteopat\u00eda es gratuito. Todo el contenido es propiedad intelectual de JCM Osteopat\u00eda. Cualquier utilizaci\u00f3n de los mismos contraria a las normas en materia de propiedad intelectual ser\u00e1 perseguida con arreglo a la legislaci\u00f3n vigente.<\/li>\n<\/ol>\n\n\n\n<p><\/p>\n","protected":false},"excerpt":{"rendered":"","protected":false},"author":1,"featured_media":0,"parent":0,"menu_order":0,"comment_status":"closed","ping_status":"closed","template":"","meta":{"footnotes":""},"class_list":["post-291","page","type-page","status-publish"],"yoast_head":"<!-- This site is optimized with the Yoast SEO plugin v25.2 - https:\/\/yoast.com\/wordpress\/plugins\/seo\/ -->\n<title>Aviso Legal - JCM Osteopat\u00eda<\/title>\n<meta name=\"robots\" content=\"noindex, nofollow\" \/>\n<meta property=\"og:locale\" content=\"es_ES\" \/>\n<meta property=\"og:type\" content=\"article\" \/>\n<meta property=\"og:title\" content=\"Aviso Legal - JCM Osteopat\u00eda\" \/>\n<meta property=\"og:url\" content=\"https:\/\/jcmosteopatia.es\/?page_id=291\" \/>\n<meta property=\"og:site_name\" content=\"JCM Osteopat\u00eda\" \/>\n<meta property=\"article:modified_time\" content=\"2023-09-16T10:54:26+00:00\" \/>\n<meta name=\"twitter:card\" content=\"summary_large_image\" \/>\n<meta name=\"twitter:label1\" content=\"Tiempo de lectura\" \/>\n\t<meta name=\"twitter:data1\" content=\"1 minuto\" \/>\n<script type=\"application\/ld+json\" class=\"yoast-schema-graph\">{\"@context\":\"https:\/\/schema.org\",\"@graph\":[{\"@type\":\"WebPage\",\"@id\":\"https:\/\/jcmosteopatia.es\/?page_id=291\",\"url\":\"https:\/\/jcmosteopatia.es\/?page_id=291\",\"name\":\"Aviso Legal - JCM Osteopat\u00eda\",\"isPartOf\":{\"@id\":\"https:\/\/jcmosteopatia.es\/#website\"},\"datePublished\":\"2020-06-26T06:33:59+00:00\",\"dateModified\":\"2023-09-16T10:54:26+00:00\",\"breadcrumb\":{\"@id\":\"https:\/\/jcmosteopatia.es\/?page_id=291#breadcrumb\"},\"inLanguage\":\"es\",\"potentialAction\":[{\"@type\":\"ReadAction\",\"target\":[\"https:\/\/jcmosteopatia.es\/?page_id=291\"]}]},{\"@type\":\"BreadcrumbList\",\"@id\":\"https:\/\/jcmosteopatia.es\/?page_id=291#breadcrumb\",\"itemListElement\":[{\"@type\":\"ListItem\",\"position\":1,\"name\":\"Portada\",\"item\":\"https:\/\/jcmosteopatia.es\/\"},{\"@type\":\"ListItem\",\"position\":2,\"name\":\"Aviso Legal\"}]},{\"@type\":\"WebSite\",\"@id\":\"https:\/\/jcmosteopatia.es\/#website\",\"url\":\"https:\/\/jcmosteopatia.es\/\",\"name\":\"JCM Osteopat\u00eda\",\"description\":\"Veinte a\u00f1os ayudando a mejorar la vida de nuestros clientes\",\"publisher\":{\"@id\":\"https:\/\/jcmosteopatia.es\/#organization\"},\"potentialAction\":[{\"@type\":\"SearchAction\",\"target\":{\"@type\":\"EntryPoint\",\"urlTemplate\":\"https:\/\/jcmosteopatia.es\/?s={search_term_string}\"},\"query-input\":{\"@type\":\"PropertyValueSpecification\",\"valueRequired\":true,\"valueName\":\"search_term_string\"}}],\"inLanguage\":\"es\"},{\"@type\":\"Organization\",\"@id\":\"https:\/\/jcmosteopatia.es\/#organization\",\"name\":\"JCM Osteopat\u00eda\",\"url\":\"https:\/\/jcmosteopatia.es\/\",\"logo\":{\"@type\":\"ImageObject\",\"inLanguage\":\"es\",\"@id\":\"https:\/\/jcmosteopatia.es\/#\/schema\/logo\/image\/\",\"url\":\"https:\/\/jcmosteopatia.es\/wp-content\/uploads\/2020\/06\/Logo-JCM.jpg\",\"contentUrl\":\"https:\/\/jcmosteopatia.es\/wp-content\/uploads\/2020\/06\/Logo-JCM.jpg\",\"width\":2106,\"height\":974,\"caption\":\"JCM Osteopat\u00eda\"},\"image\":{\"@id\":\"https:\/\/jcmosteopatia.es\/#\/schema\/logo\/image\/\"}}]}<\/script>\n<!-- \/ Yoast SEO plugin. -->","yoast_head_json":{"title":"Aviso Legal - JCM Osteopat\u00eda","robots":{"index":"noindex","follow":"nofollow"},"og_locale":"es_ES","og_type":"article","og_title":"Aviso Legal - JCM Osteopat\u00eda","og_url":"https:\/\/jcmosteopatia.es\/?page_id=291","og_site_name":"JCM Osteopat\u00eda","article_modified_time":"2023-09-16T10:54:26+00:00","twitter_card":"summary_large_image","twitter_misc":{"Tiempo de lectura":"1 minuto"},"schema":{"@context":"https:\/\/schema.org","@graph":[{"@type":"WebPage","@id":"https:\/\/jcmosteopatia.es\/?page_id=291","url":"https:\/\/jcmosteopatia.es\/?page_id=291","name":"Aviso Legal - JCM Osteopat\u00eda","isPartOf":{"@id":"https:\/\/jcmosteopatia.es\/#website"},"datePublished":"2020-06-26T06:33:59+00:00","dateModified":"2023-09-16T10:54:26+00:00","breadcrumb":{"@id":"https:\/\/jcmosteopatia.es\/?page_id=291#breadcrumb"},"inLanguage":"es","potentialAction":[{"@type":"ReadAction","target":["https:\/\/jcmosteopatia.es\/?page_id=291"]}]},{"@type":"BreadcrumbList","@id":"https:\/\/jcmosteopatia.es\/?page_id=291#breadcrumb","itemListElement":[{"@type":"ListItem","position":1,"name":"Portada","item":"https:\/\/jcmosteopatia.es\/"},{"@type":"ListItem","position":2,"name":"Aviso Legal"}]},{"@type":"WebSite","@id":"https:\/\/jcmosteopatia.es\/#website","url":"https:\/\/jcmosteopatia.es\/","name":"JCM Osteopat\u00eda","description":"Veinte a\u00f1os ayudando a mejorar la vida de nuestros clientes","publisher":{"@id":"https:\/\/jcmosteopatia.es\/#organization"},"potentialAction":[{"@type":"SearchAction","target":{"@type":"EntryPoint","urlTemplate":"https:\/\/jcmosteopatia.es\/?s={search_term_string}"},"query-input":{"@type":"PropertyValueSpecification","valueRequired":true,"valueName":"search_term_string"}}],"inLanguage":"es"},{"@type":"Organization","@id":"https:\/\/jcmosteopatia.es\/#organization","name":"JCM Osteopat\u00eda","url":"https:\/\/jcmosteopatia.es\/","logo":{"@type":"ImageObject","inLanguage":"es","@id":"https:\/\/jcmosteopatia.es\/#\/schema\/logo\/image\/","url":"https:\/\/jcmosteopatia.es\/wp-content\/uploads\/2020\/06\/Logo-JCM.jpg","contentUrl":"https:\/\/jcmosteopatia.es\/wp-content\/uploads\/2020\/06\/Logo-JCM.jpg","width":2106,"height":974,"caption":"JCM Osteopat\u00eda"},"image":{"@id":"https:\/\/jcmosteopatia.es\/#\/schema\/logo\/image\/"}}]}},"_links":{"self":[{"href":"https:\/\/jcmosteopatia.es\/index.php?rest_route=\/wp\/v2\/pages\/291","targetHints":{"allow":["GET"]}}],"collection":[{"href":"https:\/\/jcmosteopatia.es\/index.php?rest_route=\/wp\/v2\/pages"}],"about":[{"href":"https:\/\/jcmosteopatia.es\/index.php?rest_route=\/wp\/v2\/types\/page"}],"author":[{"embeddable":true,"href":"https:\/\/jcmosteopatia.es\/index.php?rest_route=\/wp\/v2\/users\/1"}],"replies":[{"embeddable":true,"href":"https:\/\/jcmosteopatia.es\/index.php?rest_route=%2Fwp%2Fv2%2Fcomments&post=291"}],"version-history":[{"count":1,"href":"https:\/\/jcmosteopatia.es\/index.php?rest_route=\/wp\/v2\/pages\/291\/revisions"}],"predecessor-version":[{"id":338,"href":"https:\/\/jcmosteopatia.es\/index.php?rest_route=\/wp\/v2\/pages\/291\/revisions\/338"}],"wp:attachment":[{"href":"https:\/\/jcmosteopatia.es\/index.php?rest_route=%2Fwp%2Fv2%2Fmedia&parent=291"}],"curies":[{"name":"wp","href":"https:\/\/api.w.org\/{rel}","templated":true}]}}