{"id":31,"date":"2020-06-18T08:45:43","date_gmt":"2020-06-18T06:45:43","guid":{"rendered":"http:\/\/jcmosteopatia.es\/?page_id=31"},"modified":"2024-05-22T21:22:58","modified_gmt":"2024-05-22T19:22:58","slug":"tarifas","status":"publish","type":"page","link":"https:\/\/jcmosteopatia.es\/?page_id=31","title":{"rendered":"Tarifas"},"content":{"rendered":"\n<div class=\"wp-block-cover alignfull is-light\" style=\"min-height:60vh;aspect-ratio:unset;\"><span aria-hidden=\"true\" class=\"wp-block-cover__background has-background-dim-0 has-background-dim\"><\/span><img loading=\"lazy\" decoding=\"async\" width=\"1921\" height=\"1477\" class=\"wp-block-cover__image-background wp-image-514\" alt=\"\" src=\"https:\/\/jcmosteopatia.es\/wp-content\/uploads\/2023\/09\/color.png\" data-object-fit=\"cover\" srcset=\"https:\/\/jcmosteopatia.es\/wp-content\/uploads\/2023\/09\/color.png 1921w, https:\/\/jcmosteopatia.es\/wp-content\/uploads\/2023\/09\/color-300x231.png 300w, https:\/\/jcmosteopatia.es\/wp-content\/uploads\/2023\/09\/color-1024x787.png 1024w, https:\/\/jcmosteopatia.es\/wp-content\/uploads\/2023\/09\/color-768x590.png 768w, https:\/\/jcmosteopatia.es\/wp-content\/uploads\/2023\/09\/color-1536x1181.png 1536w\" sizes=\"auto, (max-width: 1921px) 100vw, 1921px\" \/><div class=\"wp-block-cover__inner-container is-layout-flow wp-block-cover-is-layout-flow\">\n<p class=\"has-text-align-center\" style=\"font-size:60px\"><strong><mark style=\"background-color:rgba(0, 0, 0, 0)\" class=\"has-inline-color has-contrast-2-color\">Tarifas<\/mark><\/strong><\/p>\n<\/div><\/div>\n\n\n\n<div style=\"height:40px\" aria-hidden=\"true\" class=\"wp-block-spacer\"><\/div>\n\n\n\n<h1 class=\"wp-block-heading has-text-align-center\">Nuestras <strong>TARIFAS<\/strong><\/h1>\n\n\n\n<div style=\"height:40px\" aria-hidden=\"true\" class=\"wp-block-spacer\"><\/div>\n\n\n\n<p>Disponemos de un amplio abanico de servicios con el objetivo de adaptarnos a las necesidades especificas de nuestros clientes.<\/p>\n\n\n\n<div style=\"height:32px\" aria-hidden=\"true\" class=\"wp-block-spacer\"><\/div>\n\n\n\n<figure class=\"wp-block-table\"><table><tbody><tr><td><strong>Sesi\u00f3n Individual<\/strong><br>Dolor muscular, espalda\/cuello<br>Masaje de piernas<br>Recuperaci\u00f3n de fracturas, lesiones etc.<\/td><td class=\"has-text-align-center\" data-align=\"center\"><strong>35\u20ac<\/strong><\/td><\/tr><tr><td><strong>Masaje relajante cuerpo entero<\/strong><\/td><td class=\"has-text-align-center\" data-align=\"center\"><strong>60\u20ac<\/strong><\/td><\/tr><tr><td><strong>Atenci\u00f3n a domicilio<\/strong><br><em>Nota: La atenci\u00f3n a domicilio ser\u00e1 desde nuestra ubicaci\u00f3n en un radio de 10\/15 km, en horario de ma\u00f1ana y a pacientes con problemas de movilidad.<\/em><\/td><td class=\"has-text-align-center\" data-align=\"center\"><strong>40\u20ac<\/strong><\/td><\/tr><tr><td><strong>Bono de 5 sesiones<\/strong><br><em>Nota:&nbsp;Los bonos tienen una validez limitada en el tiempo de 2 meses.<\/em><\/td><td class=\"has-text-align-center\" data-align=\"center\"><strong>160\u20ac<\/strong><\/td><\/tr><tr><td><strong>Bono de 10 sesiones <\/strong><br><em>Nota: Los bonos tienen una validez limitada en el tiempo de 5 meses.<\/em><\/td><td class=\"has-text-align-center\" data-align=\"center\"><strong>315\u20ac<\/strong><\/td><\/tr><tr><td><strong>Bono de 20 sesiones<\/strong><br><em>Nota: Los bonos tienen una validez limitada en el tiempo de 8 meses.<\/em><\/td><td class=\"has-text-align-center\" data-align=\"center\"><strong>600\u20ac<\/strong><\/td><\/tr><tr><td>Disponemos tambi\u00e9n de <strong>cheques regalo<\/strong>. Consultanos a trav\u00e9s del email o Whatsapp.<\/td><td class=\"has-text-align-center\" data-align=\"center\"><\/td><\/tr><\/tbody><\/table><figcaption class=\"wp-element-caption\"><strong>Los precios NO incluyen IVA<\/strong><\/figcaption><\/figure>\n\n\n\n<div style=\"height:100px\" aria-hidden=\"true\" class=\"wp-block-spacer\"><\/div>\n\n\n\n<h2 class=\"wp-block-heading has-text-align-center\" style=\"font-size:30px\">\u00bf<strong>D\u00d3NDE <\/strong>estamos?<\/h2>\n\n\n\n<p>Puedes encontrarnos tras cita previa en:<\/p>\n\n\n\n<p>C\/ Toledo, 6 &#8211; 1\u00b0 L \u2026 timbre portero 24 y \ud83d\udd14 &#8211; 19170 &#8211; El Casar de Talamanca. Guadalajara.<\/p>\n\n\n\n<p><\/p>\n\n\n\n<iframe src=\"https:\/\/www.google.com\/maps\/embed?pb=!1m18!1m12!1m3!1d3024.7895209482576!2d-3.4307608223808774!3d40.700632971395436!2m3!1f0!2f0!3f0!3m2!1i1024!2i768!4f13.1!3m3!1m2!1s0xd43c91edcb40c93%3A0xb6fe91385cdb5b13!2sJCM%20Osteopatia!5e0!3m2!1sen!2ses!4v1686292858082!5m2!1sen!2ses\" width=\"1920\" height=\"500\" style=\"border:0;\" allowfullscreen=\"\" loading=\"lazy\" referrerpolicy=\"no-referrer-when-downgrade\"><\/iframe>\n","protected":false},"excerpt":{"rendered":"<p>Nuestras TARIFAS Disponemos de un amplio abanico de servicios con el objetivo de adaptarnos a las necesidades especificas de nuestros clientes. Sesi\u00f3n IndividualDolor muscular, espalda\/cuelloMasaje de piernasRecuperaci\u00f3n de fracturas, lesiones etc. 35\u20ac Masaje relajante cuerpo entero 60\u20ac Atenci\u00f3n a domicilioNota: La atenci\u00f3n a domicilio ser\u00e1 desde nuestra ubicaci\u00f3n en un radio de 10\/15 km, en &#8230; <a title=\"Tarifas\" class=\"read-more\" href=\"https:\/\/jcmosteopatia.es\/?page_id=31\" aria-label=\"Leer m\u00e1s sobre Tarifas\">Leer m\u00e1s<\/a><\/p>\n","protected":false},"author":1,"featured_media":0,"parent":0,"menu_order":0,"comment_status":"closed","ping_status":"closed","template":"","meta":{"footnotes":""},"class_list":["post-31","page","type-page","status-publish"],"yoast_head":"<!-- This site is optimized with the Yoast SEO plugin v25.2 - https:\/\/yoast.com\/wordpress\/plugins\/seo\/ -->\n<title>Tarifas - JCM Osteopat\u00eda<\/title>\n<meta name=\"description\" content=\"Disponemos de un amplio abanico de servicios con el objetivo de adaptarnos a las necesidades especificas de nuestros clientes.\" \/>\n<meta name=\"robots\" content=\"noindex, nofollow\" \/>\n<meta property=\"og:locale\" content=\"es_ES\" \/>\n<meta property=\"og:type\" content=\"article\" \/>\n<meta property=\"og:title\" content=\"Tarifas - JCM Osteopat\u00eda\" \/>\n<meta property=\"og:description\" content=\"Disponemos de un amplio abanico de servicios con el objetivo de adaptarnos a las necesidades especificas de nuestros clientes.\" \/>\n<meta property=\"og:url\" content=\"https:\/\/jcmosteopatia.es\/?page_id=31\" \/>\n<meta property=\"og:site_name\" content=\"JCM Osteopat\u00eda\" \/>\n<meta property=\"article:modified_time\" content=\"2024-05-22T19:22:58+00:00\" \/>\n<meta property=\"og:image\" content=\"https:\/\/jcmosteopatia.es\/wp-content\/uploads\/2023\/09\/color.png\" \/>\n<meta name=\"twitter:card\" content=\"summary_large_image\" \/>\n<meta name=\"twitter:label1\" content=\"Tiempo de lectura\" \/>\n\t<meta name=\"twitter:data1\" content=\"1 minuto\" \/>\n<script type=\"application\/ld+json\" class=\"yoast-schema-graph\">{\"@context\":\"https:\/\/schema.org\",\"@graph\":[{\"@type\":\"WebPage\",\"@id\":\"https:\/\/jcmosteopatia.es\/?page_id=31\",\"url\":\"https:\/\/jcmosteopatia.es\/?page_id=31\",\"name\":\"Tarifas - JCM Osteopat\u00eda\",\"isPartOf\":{\"@id\":\"https:\/\/jcmosteopatia.es\/#website\"},\"primaryImageOfPage\":{\"@id\":\"https:\/\/jcmosteopatia.es\/?page_id=31#primaryimage\"},\"image\":{\"@id\":\"https:\/\/jcmosteopatia.es\/?page_id=31#primaryimage\"},\"thumbnailUrl\":\"https:\/\/jcmosteopatia.es\/wp-content\/uploads\/2023\/09\/color.png\",\"datePublished\":\"2020-06-18T06:45:43+00:00\",\"dateModified\":\"2024-05-22T19:22:58+00:00\",\"description\":\"Disponemos de un amplio abanico de servicios con el objetivo de adaptarnos a las necesidades especificas de nuestros clientes.\",\"breadcrumb\":{\"@id\":\"https:\/\/jcmosteopatia.es\/?page_id=31#breadcrumb\"},\"inLanguage\":\"es\",\"potentialAction\":[{\"@type\":\"ReadAction\",\"target\":[\"https:\/\/jcmosteopatia.es\/?page_id=31\"]}]},{\"@type\":\"ImageObject\",\"inLanguage\":\"es\",\"@id\":\"https:\/\/jcmosteopatia.es\/?page_id=31#primaryimage\",\"url\":\"https:\/\/jcmosteopatia.es\/wp-content\/uploads\/2023\/09\/color.png\",\"contentUrl\":\"https:\/\/jcmosteopatia.es\/wp-content\/uploads\/2023\/09\/color.png\",\"width\":1921,\"height\":1477,\"caption\":\"Captus Colores\"},{\"@type\":\"BreadcrumbList\",\"@id\":\"https:\/\/jcmosteopatia.es\/?page_id=31#breadcrumb\",\"itemListElement\":[{\"@type\":\"ListItem\",\"position\":1,\"name\":\"Portada\",\"item\":\"https:\/\/jcmosteopatia.es\/\"},{\"@type\":\"ListItem\",\"position\":2,\"name\":\"Tarifas\"}]},{\"@type\":\"WebSite\",\"@id\":\"https:\/\/jcmosteopatia.es\/#website\",\"url\":\"https:\/\/jcmosteopatia.es\/\",\"name\":\"JCM Osteopat\u00eda\",\"description\":\"Veinte a\u00f1os ayudando a mejorar la vida de nuestros clientes\",\"publisher\":{\"@id\":\"https:\/\/jcmosteopatia.es\/#organization\"},\"potentialAction\":[{\"@type\":\"SearchAction\",\"target\":{\"@type\":\"EntryPoint\",\"urlTemplate\":\"https:\/\/jcmosteopatia.es\/?s={search_term_string}\"},\"query-input\":{\"@type\":\"PropertyValueSpecification\",\"valueRequired\":true,\"valueName\":\"search_term_string\"}}],\"inLanguage\":\"es\"},{\"@type\":\"Organization\",\"@id\":\"https:\/\/jcmosteopatia.es\/#organization\",\"name\":\"JCM Osteopat\u00eda\",\"url\":\"https:\/\/jcmosteopatia.es\/\",\"logo\":{\"@type\":\"ImageObject\",\"inLanguage\":\"es\",\"@id\":\"https:\/\/jcmosteopatia.es\/#\/schema\/logo\/image\/\",\"url\":\"https:\/\/jcmosteopatia.es\/wp-content\/uploads\/2020\/06\/Logo-JCM.jpg\",\"contentUrl\":\"https:\/\/jcmosteopatia.es\/wp-content\/uploads\/2020\/06\/Logo-JCM.jpg\",\"width\":2106,\"height\":974,\"caption\":\"JCM Osteopat\u00eda\"},\"image\":{\"@id\":\"https:\/\/jcmosteopatia.es\/#\/schema\/logo\/image\/\"}}]}<\/script>\n<!-- \/ Yoast SEO plugin. -->","yoast_head_json":{"title":"Tarifas - JCM Osteopat\u00eda","description":"Disponemos de un amplio abanico de servicios con el objetivo de adaptarnos a las necesidades especificas de nuestros clientes.","robots":{"index":"noindex","follow":"nofollow"},"og_locale":"es_ES","og_type":"article","og_title":"Tarifas - JCM Osteopat\u00eda","og_description":"Disponemos de un amplio abanico de servicios con el objetivo de adaptarnos a las necesidades especificas de nuestros clientes.","og_url":"https:\/\/jcmosteopatia.es\/?page_id=31","og_site_name":"JCM Osteopat\u00eda","article_modified_time":"2024-05-22T19:22:58+00:00","og_image":[{"url":"https:\/\/jcmosteopatia.es\/wp-content\/uploads\/2023\/09\/color.png","type":"","width":"","height":""}],"twitter_card":"summary_large_image","twitter_misc":{"Tiempo de lectura":"1 minuto"},"schema":{"@context":"https:\/\/schema.org","@graph":[{"@type":"WebPage","@id":"https:\/\/jcmosteopatia.es\/?page_id=31","url":"https:\/\/jcmosteopatia.es\/?page_id=31","name":"Tarifas - JCM Osteopat\u00eda","isPartOf":{"@id":"https:\/\/jcmosteopatia.es\/#website"},"primaryImageOfPage":{"@id":"https:\/\/jcmosteopatia.es\/?page_id=31#primaryimage"},"image":{"@id":"https:\/\/jcmosteopatia.es\/?page_id=31#primaryimage"},"thumbnailUrl":"https:\/\/jcmosteopatia.es\/wp-content\/uploads\/2023\/09\/color.png","datePublished":"2020-06-18T06:45:43+00:00","dateModified":"2024-05-22T19:22:58+00:00","description":"Disponemos de un amplio abanico de servicios con el objetivo de adaptarnos a las necesidades especificas de nuestros clientes.","breadcrumb":{"@id":"https:\/\/jcmosteopatia.es\/?page_id=31#breadcrumb"},"inLanguage":"es","potentialAction":[{"@type":"ReadAction","target":["https:\/\/jcmosteopatia.es\/?page_id=31"]}]},{"@type":"ImageObject","inLanguage":"es","@id":"https:\/\/jcmosteopatia.es\/?page_id=31#primaryimage","url":"https:\/\/jcmosteopatia.es\/wp-content\/uploads\/2023\/09\/color.png","contentUrl":"https:\/\/jcmosteopatia.es\/wp-content\/uploads\/2023\/09\/color.png","width":1921,"height":1477,"caption":"Captus Colores"},{"@type":"BreadcrumbList","@id":"https:\/\/jcmosteopatia.es\/?page_id=31#breadcrumb","itemListElement":[{"@type":"ListItem","position":1,"name":"Portada","item":"https:\/\/jcmosteopatia.es\/"},{"@type":"ListItem","position":2,"name":"Tarifas"}]},{"@type":"WebSite","@id":"https:\/\/jcmosteopatia.es\/#website","url":"https:\/\/jcmosteopatia.es\/","name":"JCM Osteopat\u00eda","description":"Veinte a\u00f1os ayudando a mejorar la vida de nuestros clientes","publisher":{"@id":"https:\/\/jcmosteopatia.es\/#organization"},"potentialAction":[{"@type":"SearchAction","target":{"@type":"EntryPoint","urlTemplate":"https:\/\/jcmosteopatia.es\/?s={search_term_string}"},"query-input":{"@type":"PropertyValueSpecification","valueRequired":true,"valueName":"search_term_string"}}],"inLanguage":"es"},{"@type":"Organization","@id":"https:\/\/jcmosteopatia.es\/#organization","name":"JCM Osteopat\u00eda","url":"https:\/\/jcmosteopatia.es\/","logo":{"@type":"ImageObject","inLanguage":"es","@id":"https:\/\/jcmosteopatia.es\/#\/schema\/logo\/image\/","url":"https:\/\/jcmosteopatia.es\/wp-content\/uploads\/2020\/06\/Logo-JCM.jpg","contentUrl":"https:\/\/jcmosteopatia.es\/wp-content\/uploads\/2020\/06\/Logo-JCM.jpg","width":2106,"height":974,"caption":"JCM Osteopat\u00eda"},"image":{"@id":"https:\/\/jcmosteopatia.es\/#\/schema\/logo\/image\/"}}]}},"_links":{"self":[{"href":"https:\/\/jcmosteopatia.es\/index.php?rest_route=\/wp\/v2\/pages\/31","targetHints":{"allow":["GET"]}}],"collection":[{"href":"https:\/\/jcmosteopatia.es\/index.php?rest_route=\/wp\/v2\/pages"}],"about":[{"href":"https:\/\/jcmosteopatia.es\/index.php?rest_route=\/wp\/v2\/types\/page"}],"author":[{"embeddable":true,"href":"https:\/\/jcmosteopatia.es\/index.php?rest_route=\/wp\/v2\/users\/1"}],"replies":[{"embeddable":true,"href":"https:\/\/jcmosteopatia.es\/index.php?rest_route=%2Fwp%2Fv2%2Fcomments&post=31"}],"version-history":[{"count":21,"href":"https:\/\/jcmosteopatia.es\/index.php?rest_route=\/wp\/v2\/pages\/31\/revisions"}],"predecessor-version":[{"id":525,"href":"https:\/\/jcmosteopatia.es\/index.php?rest_route=\/wp\/v2\/pages\/31\/revisions\/525"}],"wp:attachment":[{"href":"https:\/\/jcmosteopatia.es\/index.php?rest_route=%2Fwp%2Fv2%2Fmedia&parent=31"}],"curies":[{"name":"wp","href":"https:\/\/api.w.org\/{rel}","templated":true}]}}