{"id":8,"date":"2020-06-05T22:11:37","date_gmt":"2020-06-05T20:11:37","guid":{"rendered":"http:\/\/jcmosteopatia.es\/?page_id=8"},"modified":"2024-05-22T21:19:45","modified_gmt":"2024-05-22T19:19:45","slug":"inicio","status":"publish","type":"page","link":"https:\/\/jcmosteopatia.es\/","title":{"rendered":"Inicio"},"content":{"rendered":"\n<div class=\"wp-block-cover alignfull is-light\" style=\"min-height:60vh;aspect-ratio:unset;\"><span aria-hidden=\"true\" class=\"wp-block-cover__background has-background-dim-0 has-background-dim\"><\/span><img loading=\"lazy\" decoding=\"async\" width=\"1024\" height=\"717\" class=\"wp-block-cover__image-background wp-image-425\" alt=\"JCM Osteopat\u00eda\" src=\"https:\/\/jcmosteopatia.es\/wp-content\/uploads\/2023\/09\/unsplash_mzjeXOrSibY-2-1024x717.png\" style=\"object-position:50% 50%\" data-object-fit=\"cover\" data-object-position=\"50% 50%\" srcset=\"https:\/\/jcmosteopatia.es\/wp-content\/uploads\/2023\/09\/unsplash_mzjeXOrSibY-2-1024x717.png 1024w, https:\/\/jcmosteopatia.es\/wp-content\/uploads\/2023\/09\/unsplash_mzjeXOrSibY-2-300x210.png 300w, https:\/\/jcmosteopatia.es\/wp-content\/uploads\/2023\/09\/unsplash_mzjeXOrSibY-2-768x538.png 768w, https:\/\/jcmosteopatia.es\/wp-content\/uploads\/2023\/09\/unsplash_mzjeXOrSibY-2-1536x1075.png 1536w, https:\/\/jcmosteopatia.es\/wp-content\/uploads\/2023\/09\/unsplash_mzjeXOrSibY-2.png 1921w\" sizes=\"auto, (max-width: 1024px) 100vw, 1024px\" \/><div class=\"wp-block-cover__inner-container is-layout-flow wp-block-cover-is-layout-flow\">\n<p class=\"has-text-align-center\" style=\"font-size:50px\"><strong><mark style=\"background-color:rgba(0, 0, 0, 0)\" class=\"has-inline-color has-contrast-2-color\">JCM Osteopat\u00eda<\/mark><\/strong><\/p>\n<\/div><\/div>\n\n\n\n<div style=\"height:50px\" aria-hidden=\"true\" class=\"wp-block-spacer\"><\/div>\n\n\n\n<h1 class=\"wp-block-heading has-text-align-center\">Somos expertos en <strong>OSTEOPAT\u00cdA<\/strong><\/h1>\n\n\n\n<div style=\"height:40px\" aria-hidden=\"true\" class=\"wp-block-spacer\"><\/div>\n\n\n\n<div class=\"wp-block-media-text alignwide has-media-on-the-right is-stacked-on-mobile\" style=\"grid-template-columns:auto 29%\"><div class=\"wp-block-media-text__content\">\n<h2 class=\"wp-block-heading has-text-align-center\">\u00bf<strong>QUI\u00c9NES<\/strong> somos?<\/h2>\n\n\n\n<div style=\"height:40px\" aria-hidden=\"true\" class=\"wp-block-spacer\"><\/div>\n\n\n\n<p>JCM Osteopat\u00eda es un centro de terapias de recuperaci\u00f3n ubicado en la poblaci\u00f3n del El Casar en la provincia de Guadalajara, dirigido por <strong>Juan Carlos Moreno.<\/strong><\/p>\n\n\n\n<p>Contamos con m\u00e1s de 20 a\u00f1os de experiencia con excelentes resultados para las personas que reciben nuestros tratamientos. Nuestros objetivo es ofrecer la mejor atenci\u00f3n a todos y cada uno de los clientes que depositan su confianza en nosotros.<\/p>\n\n\n\n<p>Nuestras t\u00e9cnicas le ayudar\u00e1n a aliviar el dolor, a recuperar la movilidad y la funcionalidad para disfrutar de una mejor calidad de vida.<\/p>\n\n\n\n<div style=\"height:50px\" aria-hidden=\"true\" class=\"wp-block-spacer\"><\/div>\n\n\n\n<div class=\"wp-block-buttons alignwide is-content-justification-center is-layout-flex wp-container-core-buttons-is-layout-16018d1d wp-block-buttons-is-layout-flex\">\n<div class=\"wp-block-button has-custom-width wp-block-button__width-75 is-style-outline is-style-outline--1\"><a class=\"wp-block-button__link has-text-align-center wp-element-button\" href=\"https:\/\/jcmosteopatia.es\/?page_id=10\">\u00a1Reserva tu cita!<\/a><\/div>\n<\/div>\n<\/div><figure class=\"wp-block-media-text__media\"><img loading=\"lazy\" decoding=\"async\" width=\"683\" height=\"1024\" src=\"http:\/\/jcmosteopatia.es\/wp-content\/uploads\/2020\/06\/IMG_7023-683x1024.jpeg\" alt=\"\" class=\"wp-image-56 size-full\" srcset=\"https:\/\/jcmosteopatia.es\/wp-content\/uploads\/2020\/06\/IMG_7023-683x1024.jpeg 683w, https:\/\/jcmosteopatia.es\/wp-content\/uploads\/2020\/06\/IMG_7023-200x300.jpeg 200w, https:\/\/jcmosteopatia.es\/wp-content\/uploads\/2020\/06\/IMG_7023-768x1152.jpeg 768w, https:\/\/jcmosteopatia.es\/wp-content\/uploads\/2020\/06\/IMG_7023-1024x1536.jpeg 1024w, https:\/\/jcmosteopatia.es\/wp-content\/uploads\/2020\/06\/IMG_7023-1365x2048.jpeg 1365w, https:\/\/jcmosteopatia.es\/wp-content\/uploads\/2020\/06\/IMG_7023-scaled.jpeg 1707w\" sizes=\"auto, (max-width: 683px) 100vw, 683px\" \/><\/figure><\/div>\n\n\n\n<div style=\"height:100px\" aria-hidden=\"true\" class=\"wp-block-spacer\"><\/div>\n\n\n\n<h2 class=\"wp-block-heading\"><strong>FORMACI\u00d3N<\/strong> y <strong>EXPERIENCIA<\/strong> garantizan nuestros servicios<\/h2>\n\n\n\n<div class=\"wp-block-group alignwide\"><div class=\"wp-block-group__inner-container is-layout-flow wp-block-group-is-layout-flow\">\n<div class=\"wp-block-media-text alignwide is-stacked-on-mobile is-vertically-aligned-center is-image-fill\" style=\"grid-template-columns:61% auto\"><figure class=\"wp-block-media-text__media\" style=\"background-image:url(http:\/\/jcmosteopatia.es\/wp-content\/uploads\/2020\/06\/Turquoise-Mood-Board-Inspirations-1024x819.jpg);background-position:89% 52%\"><img loading=\"lazy\" decoding=\"async\" width=\"1024\" height=\"819\" src=\"http:\/\/jcmosteopatia.es\/wp-content\/uploads\/2020\/06\/Turquoise-Mood-Board-Inspirations-1024x819.jpg\" alt=\"\" class=\"wp-image-285 size-full\" srcset=\"https:\/\/jcmosteopatia.es\/wp-content\/uploads\/2020\/06\/Turquoise-Mood-Board-Inspirations-1024x819.jpg 1024w, https:\/\/jcmosteopatia.es\/wp-content\/uploads\/2020\/06\/Turquoise-Mood-Board-Inspirations-300x240.jpg 300w, https:\/\/jcmosteopatia.es\/wp-content\/uploads\/2020\/06\/Turquoise-Mood-Board-Inspirations-768x614.jpg 768w, https:\/\/jcmosteopatia.es\/wp-content\/uploads\/2020\/06\/Turquoise-Mood-Board-Inspirations-1536x1229.jpg 1536w, https:\/\/jcmosteopatia.es\/wp-content\/uploads\/2020\/06\/Turquoise-Mood-Board-Inspirations.jpg 2000w\" sizes=\"auto, (max-width: 1024px) 100vw, 1024px\" \/><\/figure><div class=\"wp-block-media-text__content\">\n<h3 class=\"wp-block-heading has-large-font-size\">Diplomado por <strong>ORTHOS<\/strong><\/h3>\n\n\n\n<ul class=\"wp-block-list\">\n<li>Osteopat\u00eda<\/li>\n\n\n\n<li>T\u00e9cnico especializado en masaje corporal y deportivo.<\/li>\n\n\n\n<li>T\u00e9cnico en exploraci\u00f3n y tratamiento.<\/li>\n\n\n\n<li>T\u00e9cnico en vendaje funcional.<\/li>\n\n\n\n<li>Especialista en columna lumbar y cervical.<\/li>\n\n\n\n<li>Lesiones deportivas<\/li>\n<\/ul>\n\n\n\n<div style=\"height:40px\" aria-hidden=\"true\" class=\"wp-block-spacer\"><\/div>\n\n\n\n<h3 class=\"wp-block-heading has-large-font-size\">Diplomado por <strong>KABAT<\/strong><\/h3>\n\n\n\n<ul class=\"wp-block-list\">\n<li>Vendaje Neuromuscular<\/li>\n<\/ul>\n<\/div><\/div>\n<\/div><\/div>\n\n\n\n<div style=\"height:100px\" aria-hidden=\"true\" class=\"wp-block-spacer\"><\/div>\n\n\n\n<h2 class=\"wp-block-heading has-text-align-center\" style=\"font-size:30px\">\u00bf<strong>D\u00d3NDE <\/strong>estamos?<\/h2>\n\n\n\n<div style=\"height:20px\" aria-hidden=\"true\" class=\"wp-block-spacer\"><\/div>\n\n\n\n<p>Puedes encontrarnos tras cita previa en:<\/p>\n\n\n\n<p>C\/ Toledo, 6 &#8211; 1\u00b0 L \u2026 timbre portero 24 y \ud83d\udd14  &#8211;  19170 &#8211; El Casar de Talamanca &#8211;  Guadalajara.<\/p>\n\n\n\n<p><\/p>\n\n\n\n<iframe src=\"https:\/\/www.google.com\/maps\/embed?pb=!1m18!1m12!1m3!1d3024.7895209482576!2d-3.4307608223808774!3d40.700632971395436!2m3!1f0!2f0!3f0!3m2!1i1024!2i768!4f13.1!3m3!1m2!1s0xd43c91edcb40c93%3A0xb6fe91385cdb5b13!2sJCM%20Osteopatia!5e0!3m2!1sen!2ses!4v1686292858082!5m2!1sen!2ses\" width=\"1920\" height=\"500\" style=\"border:0;\" allowfullscreen=\"\" loading=\"lazy\" referrerpolicy=\"no-referrer-when-downgrade\"><\/iframe>\n","protected":false},"excerpt":{"rendered":"<p>Somos expertos en OSTEOPAT\u00cdA FORMACI\u00d3N y EXPERIENCIA garantizan nuestros servicios Diplomado por ORTHOS Diplomado por KABAT \u00bfD\u00d3NDE estamos? Puedes encontrarnos tras cita previa en: C\/ Toledo, 6 &#8211; 1\u00b0 L \u2026 timbre portero 24 y \ud83d\udd14 &#8211; 19170 &#8211; El Casar de Talamanca &#8211; Guadalajara.<\/p>\n","protected":false},"author":1,"featured_media":0,"parent":0,"menu_order":0,"comment_status":"closed","ping_status":"closed","template":"","meta":{"footnotes":""},"class_list":["post-8","page","type-page","status-publish"],"yoast_head":"<!-- This site is optimized with the Yoast SEO plugin v25.2 - https:\/\/yoast.com\/wordpress\/plugins\/seo\/ -->\n<title>\u25b7 Centro de Osteopat\u00eda - JCM Osteopat\u00eda \u3010619 967 504\u3011<\/title>\n<meta name=\"description\" content=\"\u2b50 Nuestras t\u00e9cnicas de Osteopat\u00eda alivian el dolor, a recuperar la movilidad y la funcionalidad, mejorando tu calidad de vida. \u2733\ufe0f Ll\u00e1manos!\" \/>\n<meta name=\"robots\" content=\"index, follow, max-snippet:-1, max-image-preview:large, max-video-preview:-1\" \/>\n<link rel=\"canonical\" href=\"https:\/\/jcmosteopatia.es\/\" \/>\n<meta property=\"og:locale\" content=\"es_ES\" \/>\n<meta property=\"og:type\" content=\"article\" \/>\n<meta property=\"og:title\" content=\"\u25b7 Centro de Osteopat\u00eda - JCM Osteopat\u00eda \u3010619 967 504\u3011\" \/>\n<meta property=\"og:description\" content=\"\u2b50 Nuestras t\u00e9cnicas de Osteopat\u00eda alivian el dolor, a recuperar la movilidad y la funcionalidad, mejorando tu calidad de vida. \u2733\ufe0f Ll\u00e1manos!\" \/>\n<meta property=\"og:url\" content=\"https:\/\/jcmosteopatia.es\/\" \/>\n<meta property=\"og:site_name\" content=\"JCM Osteopat\u00eda\" \/>\n<meta property=\"article:modified_time\" content=\"2024-05-22T19:19:45+00:00\" \/>\n<meta property=\"og:image\" content=\"https:\/\/jcmosteopatia.es\/wp-content\/uploads\/2023\/09\/unsplash_mzjeXOrSibY-2-1024x717.png\" \/>\n<meta name=\"twitter:card\" content=\"summary_large_image\" \/>\n<meta name=\"twitter:label1\" content=\"Tiempo de lectura\" \/>\n\t<meta name=\"twitter:data1\" content=\"2 minutos\" \/>\n<script type=\"application\/ld+json\" class=\"yoast-schema-graph\">{\"@context\":\"https:\/\/schema.org\",\"@graph\":[{\"@type\":\"WebPage\",\"@id\":\"https:\/\/jcmosteopatia.es\/\",\"url\":\"https:\/\/jcmosteopatia.es\/\",\"name\":\"\u25b7 Centro de Osteopat\u00eda - JCM Osteopat\u00eda \u3010619 967 504\u3011\",\"isPartOf\":{\"@id\":\"https:\/\/jcmosteopatia.es\/#website\"},\"primaryImageOfPage\":{\"@id\":\"https:\/\/jcmosteopatia.es\/#primaryimage\"},\"image\":{\"@id\":\"https:\/\/jcmosteopatia.es\/#primaryimage\"},\"thumbnailUrl\":\"https:\/\/jcmosteopatia.es\/wp-content\/uploads\/2023\/09\/unsplash_mzjeXOrSibY-2-1024x717.png\",\"datePublished\":\"2020-06-05T20:11:37+00:00\",\"dateModified\":\"2024-05-22T19:19:45+00:00\",\"description\":\"\u2b50 Nuestras t\u00e9cnicas de Osteopat\u00eda alivian el dolor, a recuperar la movilidad y la funcionalidad, mejorando tu calidad de vida. \u2733\ufe0f Ll\u00e1manos!\",\"breadcrumb\":{\"@id\":\"https:\/\/jcmosteopatia.es\/#breadcrumb\"},\"inLanguage\":\"es\",\"potentialAction\":[{\"@type\":\"ReadAction\",\"target\":[\"https:\/\/jcmosteopatia.es\/\"]}]},{\"@type\":\"ImageObject\",\"inLanguage\":\"es\",\"@id\":\"https:\/\/jcmosteopatia.es\/#primaryimage\",\"url\":\"https:\/\/jcmosteopatia.es\/wp-content\/uploads\/2023\/09\/unsplash_mzjeXOrSibY-2.png\",\"contentUrl\":\"https:\/\/jcmosteopatia.es\/wp-content\/uploads\/2023\/09\/unsplash_mzjeXOrSibY-2.png\",\"width\":1921,\"height\":1345,\"caption\":\"Planta de JCM Osteopat\u00eda\"},{\"@type\":\"BreadcrumbList\",\"@id\":\"https:\/\/jcmosteopatia.es\/#breadcrumb\",\"itemListElement\":[{\"@type\":\"ListItem\",\"position\":1,\"name\":\"Portada\",\"item\":\"https:\/\/jcmosteopatia.es\/\"},{\"@type\":\"ListItem\",\"position\":2,\"name\":\"Inicio\"}]},{\"@type\":\"WebSite\",\"@id\":\"https:\/\/jcmosteopatia.es\/#website\",\"url\":\"https:\/\/jcmosteopatia.es\/\",\"name\":\"JCM Osteopat\u00eda\",\"description\":\"Veinte a\u00f1os ayudando a mejorar la vida de nuestros clientes\",\"publisher\":{\"@id\":\"https:\/\/jcmosteopatia.es\/#organization\"},\"potentialAction\":[{\"@type\":\"SearchAction\",\"target\":{\"@type\":\"EntryPoint\",\"urlTemplate\":\"https:\/\/jcmosteopatia.es\/?s={search_term_string}\"},\"query-input\":{\"@type\":\"PropertyValueSpecification\",\"valueRequired\":true,\"valueName\":\"search_term_string\"}}],\"inLanguage\":\"es\"},{\"@type\":\"Organization\",\"@id\":\"https:\/\/jcmosteopatia.es\/#organization\",\"name\":\"JCM Osteopat\u00eda\",\"url\":\"https:\/\/jcmosteopatia.es\/\",\"logo\":{\"@type\":\"ImageObject\",\"inLanguage\":\"es\",\"@id\":\"https:\/\/jcmosteopatia.es\/#\/schema\/logo\/image\/\",\"url\":\"https:\/\/jcmosteopatia.es\/wp-content\/uploads\/2020\/06\/Logo-JCM.jpg\",\"contentUrl\":\"https:\/\/jcmosteopatia.es\/wp-content\/uploads\/2020\/06\/Logo-JCM.jpg\",\"width\":2106,\"height\":974,\"caption\":\"JCM Osteopat\u00eda\"},\"image\":{\"@id\":\"https:\/\/jcmosteopatia.es\/#\/schema\/logo\/image\/\"}}]}<\/script>\n<!-- \/ Yoast SEO plugin. -->","yoast_head_json":{"title":"\u25b7 Centro de Osteopat\u00eda - JCM Osteopat\u00eda \u3010619 967 504\u3011","description":"\u2b50 Nuestras t\u00e9cnicas de Osteopat\u00eda alivian el dolor, a recuperar la movilidad y la funcionalidad, mejorando tu calidad de vida. \u2733\ufe0f Ll\u00e1manos!","robots":{"index":"index","follow":"follow","max-snippet":"max-snippet:-1","max-image-preview":"max-image-preview:large","max-video-preview":"max-video-preview:-1"},"canonical":"https:\/\/jcmosteopatia.es\/","og_locale":"es_ES","og_type":"article","og_title":"\u25b7 Centro de Osteopat\u00eda - JCM Osteopat\u00eda \u3010619 967 504\u3011","og_description":"\u2b50 Nuestras t\u00e9cnicas de Osteopat\u00eda alivian el dolor, a recuperar la movilidad y la funcionalidad, mejorando tu calidad de vida. \u2733\ufe0f Ll\u00e1manos!","og_url":"https:\/\/jcmosteopatia.es\/","og_site_name":"JCM Osteopat\u00eda","article_modified_time":"2024-05-22T19:19:45+00:00","og_image":[{"url":"https:\/\/jcmosteopatia.es\/wp-content\/uploads\/2023\/09\/unsplash_mzjeXOrSibY-2-1024x717.png","type":"","width":"","height":""}],"twitter_card":"summary_large_image","twitter_misc":{"Tiempo de lectura":"2 minutos"},"schema":{"@context":"https:\/\/schema.org","@graph":[{"@type":"WebPage","@id":"https:\/\/jcmosteopatia.es\/","url":"https:\/\/jcmosteopatia.es\/","name":"\u25b7 Centro de Osteopat\u00eda - JCM Osteopat\u00eda \u3010619 967 504\u3011","isPartOf":{"@id":"https:\/\/jcmosteopatia.es\/#website"},"primaryImageOfPage":{"@id":"https:\/\/jcmosteopatia.es\/#primaryimage"},"image":{"@id":"https:\/\/jcmosteopatia.es\/#primaryimage"},"thumbnailUrl":"https:\/\/jcmosteopatia.es\/wp-content\/uploads\/2023\/09\/unsplash_mzjeXOrSibY-2-1024x717.png","datePublished":"2020-06-05T20:11:37+00:00","dateModified":"2024-05-22T19:19:45+00:00","description":"\u2b50 Nuestras t\u00e9cnicas de Osteopat\u00eda alivian el dolor, a recuperar la movilidad y la funcionalidad, mejorando tu calidad de vida. \u2733\ufe0f Ll\u00e1manos!","breadcrumb":{"@id":"https:\/\/jcmosteopatia.es\/#breadcrumb"},"inLanguage":"es","potentialAction":[{"@type":"ReadAction","target":["https:\/\/jcmosteopatia.es\/"]}]},{"@type":"ImageObject","inLanguage":"es","@id":"https:\/\/jcmosteopatia.es\/#primaryimage","url":"https:\/\/jcmosteopatia.es\/wp-content\/uploads\/2023\/09\/unsplash_mzjeXOrSibY-2.png","contentUrl":"https:\/\/jcmosteopatia.es\/wp-content\/uploads\/2023\/09\/unsplash_mzjeXOrSibY-2.png","width":1921,"height":1345,"caption":"Planta de JCM Osteopat\u00eda"},{"@type":"BreadcrumbList","@id":"https:\/\/jcmosteopatia.es\/#breadcrumb","itemListElement":[{"@type":"ListItem","position":1,"name":"Portada","item":"https:\/\/jcmosteopatia.es\/"},{"@type":"ListItem","position":2,"name":"Inicio"}]},{"@type":"WebSite","@id":"https:\/\/jcmosteopatia.es\/#website","url":"https:\/\/jcmosteopatia.es\/","name":"JCM Osteopat\u00eda","description":"Veinte a\u00f1os ayudando a mejorar la vida de nuestros clientes","publisher":{"@id":"https:\/\/jcmosteopatia.es\/#organization"},"potentialAction":[{"@type":"SearchAction","target":{"@type":"EntryPoint","urlTemplate":"https:\/\/jcmosteopatia.es\/?s={search_term_string}"},"query-input":{"@type":"PropertyValueSpecification","valueRequired":true,"valueName":"search_term_string"}}],"inLanguage":"es"},{"@type":"Organization","@id":"https:\/\/jcmosteopatia.es\/#organization","name":"JCM Osteopat\u00eda","url":"https:\/\/jcmosteopatia.es\/","logo":{"@type":"ImageObject","inLanguage":"es","@id":"https:\/\/jcmosteopatia.es\/#\/schema\/logo\/image\/","url":"https:\/\/jcmosteopatia.es\/wp-content\/uploads\/2020\/06\/Logo-JCM.jpg","contentUrl":"https:\/\/jcmosteopatia.es\/wp-content\/uploads\/2020\/06\/Logo-JCM.jpg","width":2106,"height":974,"caption":"JCM Osteopat\u00eda"},"image":{"@id":"https:\/\/jcmosteopatia.es\/#\/schema\/logo\/image\/"}}]}},"_links":{"self":[{"href":"https:\/\/jcmosteopatia.es\/index.php?rest_route=\/wp\/v2\/pages\/8","targetHints":{"allow":["GET"]}}],"collection":[{"href":"https:\/\/jcmosteopatia.es\/index.php?rest_route=\/wp\/v2\/pages"}],"about":[{"href":"https:\/\/jcmosteopatia.es\/index.php?rest_route=\/wp\/v2\/types\/page"}],"author":[{"embeddable":true,"href":"https:\/\/jcmosteopatia.es\/index.php?rest_route=\/wp\/v2\/users\/1"}],"replies":[{"embeddable":true,"href":"https:\/\/jcmosteopatia.es\/index.php?rest_route=%2Fwp%2Fv2%2Fcomments&post=8"}],"version-history":[{"count":49,"href":"https:\/\/jcmosteopatia.es\/index.php?rest_route=\/wp\/v2\/pages\/8\/revisions"}],"predecessor-version":[{"id":523,"href":"https:\/\/jcmosteopatia.es\/index.php?rest_route=\/wp\/v2\/pages\/8\/revisions\/523"}],"wp:attachment":[{"href":"https:\/\/jcmosteopatia.es\/index.php?rest_route=%2Fwp%2Fv2%2Fmedia&parent=8"}],"curies":[{"name":"wp","href":"https:\/\/api.w.org\/{rel}","templated":true}]}}